{"id":12504,"date":"2024-02-07T08:32:10","date_gmt":"2024-02-07T08:32:10","guid":{"rendered":"http:\/\/tavieta.lt\/produktas\/p-touch-spausdinimo-kasetes\/"},"modified":"2025-01-30T13:01:21","modified_gmt":"2025-01-30T13:01:21","slug":"p-touch-spausdinimo-kasetes","status":"publish","type":"product","link":"https:\/\/tavieta.lt\/ee\/toode\/p-touch-spausdinimo-kasetes\/","title":{"rendered":"P-Touchi prindikassetid"},"content":{"rendered":"<p>P-Touchi prindikassetid<\/p>\n<p>P-Touch paelad kirjas\u00fcsteemi P-Touch printeritele, lamineeritud lindid, pikkus 8 m, 31 v\u00e4rvi.<\/p>\n<p>Tr\u00fckitud etiketi m\u00f5\u00f5tmed:<\/p>\n<p>6mm x 8m<\/p>\n<p>9mm x 8m<\/p>\n<p>12mm x 8m<\/p>\n<p>18mm x 8m\u00a0<\/p>\n<p>24mm x 8m<\/p>\n<p>36mm x 8m<\/p>\n<div id=\"gtx-trans\" style=\"position: absolute; left: 79px; top: 37px;\">\n<div class=\"gtx-trans-icon\"><\/div>\n<\/div>","protected":false},"excerpt":{"rendered":"<p>P-Touchi prindikassetid<\/p>","protected":false},"featured_media":11465,"template":"","meta":[],"product_brand":[],"product_cat":[227],"product_tag":[],"class_list":{"0":"post-12504","1":"product","2":"type-product","3":"status-publish","4":"has-post-thumbnail","6":"product_cat-restauravimo-priemones","8":"first","9":"outofstock","10":"product-type-simple"},"_links":{"self":[{"href":"https:\/\/tavieta.lt\/ee\/wp-json\/wp\/v2\/product\/12504","targetHints":{"allow":["GET"]}}],"collection":[{"href":"https:\/\/tavieta.lt\/ee\/wp-json\/wp\/v2\/product"}],"about":[{"href":"https:\/\/tavieta.lt\/ee\/wp-json\/wp\/v2\/types\/product"}],"wp:featuredmedia":[{"embeddable":true,"href":"https:\/\/tavieta.lt\/ee\/wp-json\/wp\/v2\/media\/11465"}],"wp:attachment":[{"href":"https:\/\/tavieta.lt\/ee\/wp-json\/wp\/v2\/media?parent=12504"}],"wp:term":[{"taxonomy":"product_brand","embeddable":true,"href":"https:\/\/tavieta.lt\/ee\/wp-json\/wp\/v2\/product_brand?post=12504"},{"taxonomy":"product_cat","embeddable":true,"href":"https:\/\/tavieta.lt\/ee\/wp-json\/wp\/v2\/product_cat?post=12504"},{"taxonomy":"product_tag","embeddable":true,"href":"https:\/\/tavieta.lt\/ee\/wp-json\/wp\/v2\/product_tag?post=12504"}],"curies":[{"name":"t\u00f6\u00f6leht","href":"https:\/\/api.w.org\/{rel}","templated":true}]}}