{"id":12505,"date":"2024-02-07T08:32:10","date_gmt":"2024-02-07T08:32:10","guid":{"rendered":"http:\/\/tavieta.lt\/produktas\/knygu-risimo-masina-pb-2000\/"},"modified":"2024-02-07T08:33:18","modified_gmt":"2024-02-07T08:33:18","slug":"knygu-risimo-masina-pb-2000","status":"publish","type":"product","link":"https:\/\/tavieta.lt\/ee\/toode\/knygu-risimo-masina-pb-2000\/","title":{"rendered":"Raamatuk\u00f6itmismasin PB-2000"},"content":{"rendered":"<p><img decoding=\"async\" src=\"https:\/\/old.labostera.lt\/wp-content\/uploads\/2020\/04\/image129.jpeg\" \/><img decoding=\"async\" src=\"https:\/\/old.labostera.lt\/wp-content\/uploads\/2020\/04\/image128.jpeg\" \/><\/p>\n<p>Raamatuk\u00f6itmismasin PB-2000, suurep\u00e4rane k\u00f6itmismasin, v\u00e4ike, mugav ja odav. Ideaalne v\u00e4ikestesse raamatukogudesse, koolidesse, tr\u00fckikodadesse ja kontoritesse. Kaas on liimitud raamatu selgroo k\u00fclge ja k\u00f6idetud korraliku viimistlusega, mis n\u00e4itab k\u00f6ite professionaalset kvaliteeti. Rohkem tasuta lehti pole. Seadme s\u00e4tete kohandamiseks, et kohandada raamatu selgroo erinevate paksustega, pole vaja t\u00e4iendavaid seadistusi.\u00a0<\/p>\n<pre class=\"tw-data-text tw-text-large XcVN5d tw-ta\" dir=\"ltr\" data-placeholder=\"Translation\"><span lang=\"lt\">Tehnilised parameetrid: Selja maksimaalne pikkus: 330 mm Maksimaalne lambi paksus: 38 mm Minimaalne k\u00f6itepaksus: 5 lehte T\u00f6\u00f6kiirus: 1 raamat \/ 35 sek. J\u00f5udlus: kuni 120 raamatut tunnis Liimi t\u00fc\u00fcp: kuumsulamliim Soojendusaeg: 25 minutit V\u00f5imsus: 230V - 60Hz, 1050W M\u00f5\u00f5dud: 650 x 550 x 270 mm Kaal: 54 kg\n\n<\/span><\/pre>\n<table style=\"width: 68.256%;\" cellspacing=\"0\" cellpadding=\"0\">\n<tbody>\n<tr>\n<td style=\"width: 27.4194%; text-align: center;\" valign=\"top\">\n<p><strong>Kood<\/strong><\/p>\n<\/td>\n<td style=\"width: 50%; text-align: center;\" valign=\"top\">\n<p><strong>Kirjeldus<\/strong><\/p>\n<\/td>\n<td style=\"width: 304.032%; text-align: center;\" valign=\"top\">\n<p><strong>Kogus<\/strong><\/p>\n<\/td>\n<\/tr>\n<tr>\n<td style=\"width: 27.4194%; text-align: center;\" valign=\"top\">\n<p>PB2000<\/p>\n<p>PB20001<\/p>\n<\/td>\n<td style=\"width: 50%; text-align: center;\" valign=\"top\">\n<p>Lepi\u010dka PB-2000<\/p>\n<p>Liim 25 kg<\/p>\n<\/td>\n<td style=\"width: 304.032%; text-align: center;\" valign=\"top\">\n<p>1 tk.<\/p>\n<p>1 tk.<\/p>\n<\/td>\n<\/tr>\n<\/tbody>\n<\/table>\n<pre id=\"tw-target-text\" class=\"tw-data-text tw-text-large XcVN5d tw-ta\" dir=\"ltr\" data-placeholder=\"Translation\"><span lang=\"lt\">\u00a0<\/span><\/pre>\n<div id=\"gtx-trans\" style=\"position: absolute; left: 79px; top: 37px;\">\n<div class=\"gtx-trans-icon\"><\/div>\n<\/div>","protected":false},"excerpt":{"rendered":"<p>Lepi\u010dka PB-1999<\/p>","protected":false},"featured_media":11467,"template":"","meta":[],"product_brand":[],"product_cat":[119],"product_tag":[],"class_list":{"0":"post-12505","1":"product","2":"type-product","3":"status-publish","4":"has-post-thumbnail","6":"product_cat-knygu-risimo-iranga","8":"first","9":"outofstock","10":"product-type-simple"},"_links":{"self":[{"href":"https:\/\/tavieta.lt\/ee\/wp-json\/wp\/v2\/product\/12505","targetHints":{"allow":["GET"]}}],"collection":[{"href":"https:\/\/tavieta.lt\/ee\/wp-json\/wp\/v2\/product"}],"about":[{"href":"https:\/\/tavieta.lt\/ee\/wp-json\/wp\/v2\/types\/product"}],"wp:featuredmedia":[{"embeddable":true,"href":"https:\/\/tavieta.lt\/ee\/wp-json\/wp\/v2\/media\/11467"}],"wp:attachment":[{"href":"https:\/\/tavieta.lt\/ee\/wp-json\/wp\/v2\/media?parent=12505"}],"wp:term":[{"taxonomy":"product_brand","embeddable":true,"href":"https:\/\/tavieta.lt\/ee\/wp-json\/wp\/v2\/product_brand?post=12505"},{"taxonomy":"product_cat","embeddable":true,"href":"https:\/\/tavieta.lt\/ee\/wp-json\/wp\/v2\/product_cat?post=12505"},{"taxonomy":"product_tag","embeddable":true,"href":"https:\/\/tavieta.lt\/ee\/wp-json\/wp\/v2\/product_tag?post=12505"}],"curies":[{"name":"t\u00f6\u00f6leht","href":"https:\/\/api.w.org\/{rel}","templated":true}]}}