{"id":12507,"date":"2024-02-07T08:33:22","date_gmt":"2024-02-07T08:33:22","guid":{"rendered":"http:\/\/tavieta.lt\/produktas\/risiklis-spiralemis-opus-leader\/"},"modified":"2024-02-07T08:33:23","modified_gmt":"2024-02-07T08:33:23","slug":"risiklis-spiralemis-opus-leader","status":"publish","type":"product","link":"https:\/\/tavieta.lt\/ee\/toode\/risiklis-spiralemis-opus-leader\/","title":{"rendered":"Spiraalk\u00f6itja OPUS Leader"},"content":{"rendered":"<p>Spiraalk\u00f6itja OPUS Leader. Vastupidav ja lihtsalt kasutatav sideaine. Tugev metallist alus, veerise ja vormingu kohandamine ning professionaalne seljapikendusmehhanism muudavad selle kasutamise lihtsaks, t\u00f6\u00f6kindlaks, l\u00e4bistab kuni 12 lehek\u00fclge, k\u00f6idab kuni 250 lehek\u00fclge.<\/p>\n<table style=\"width: 54.5437%;\" cellspacing=\"0\" cellpadding=\"0\">\n<tbody>\n<tr>\n<td style=\"width: 20.6107%; text-align: center;\" valign=\"top\">\n<p><strong>Kood<\/strong><\/p>\n<\/td>\n<td style=\"width: 56.4885%; text-align: center;\" valign=\"top\">\n<p><strong>Kirjeldus<\/strong><\/p>\n<\/td>\n<td style=\"width: 210.305%; text-align: center;\" valign=\"top\">\n<p><strong>Kogus\u00a0<\/strong><\/p>\n<\/td>\n<\/tr>\n<tr>\n<td style=\"width: 20.6107%; text-align: center;\" valign=\"top\">\n<p>60007<\/p>\n<\/td>\n<td style=\"width: 56.4885%; text-align: center;\" valign=\"top\">\n<p>Binder Opuse juht<\/p>\n<\/td>\n<td style=\"width: 210.305%; text-align: center;\" valign=\"top\">\n<p>1 tk.<\/p>\n<\/td>\n<\/tr>\n<\/tbody>\n<\/table>\n<div id=\"gtx-trans\" style=\"position: absolute; left: 79px; top: 37px;\">\n<div class=\"gtx-trans-icon\"><\/div>\n<\/div>","protected":false},"excerpt":{"rendered":"<p>Spiraalk\u00f6itja OPUS Leader<\/p>","protected":false},"featured_media":11471,"template":"","meta":[],"product_brand":[],"product_cat":[119],"product_tag":[],"class_list":{"0":"post-12507","1":"product","2":"type-product","3":"status-publish","4":"has-post-thumbnail","6":"product_cat-knygu-risimo-iranga","8":"first","9":"outofstock","10":"product-type-simple"},"_links":{"self":[{"href":"https:\/\/tavieta.lt\/ee\/wp-json\/wp\/v2\/product\/12507","targetHints":{"allow":["GET"]}}],"collection":[{"href":"https:\/\/tavieta.lt\/ee\/wp-json\/wp\/v2\/product"}],"about":[{"href":"https:\/\/tavieta.lt\/ee\/wp-json\/wp\/v2\/types\/product"}],"wp:featuredmedia":[{"embeddable":true,"href":"https:\/\/tavieta.lt\/ee\/wp-json\/wp\/v2\/media\/11471"}],"wp:attachment":[{"href":"https:\/\/tavieta.lt\/ee\/wp-json\/wp\/v2\/media?parent=12507"}],"wp:term":[{"taxonomy":"product_brand","embeddable":true,"href":"https:\/\/tavieta.lt\/ee\/wp-json\/wp\/v2\/product_brand?post=12507"},{"taxonomy":"product_cat","embeddable":true,"href":"https:\/\/tavieta.lt\/ee\/wp-json\/wp\/v2\/product_cat?post=12507"},{"taxonomy":"product_tag","embeddable":true,"href":"https:\/\/tavieta.lt\/ee\/wp-json\/wp\/v2\/product_tag?post=12507"}],"curies":[{"name":"t\u00f6\u00f6leht","href":"https:\/\/api.w.org\/{rel}","templated":true}]}}