{"id":12508,"date":"2024-02-07T08:33:22","date_gmt":"2024-02-07T08:33:22","guid":{"rendered":"http:\/\/tavieta.lt\/produktas\/risiklis-opus-profi-punch\/"},"modified":"2024-02-07T08:33:24","modified_gmt":"2024-02-07T08:33:24","slug":"risiklis-opus-profi-punch","status":"publish","type":"product","link":"https:\/\/tavieta.lt\/ee\/toode\/risiklis-opus-profi-punch\/","title":{"rendered":"K\u00f6itematerjal OPUS Profi PUNCH"},"content":{"rendered":"<p>K\u00f6itematerjal OPUS Profi PUNCH<\/p>\n<p>Professionaalne k\u00e4sitsi perforaator vahetatavate perforeerimiskassettidega dokumentide mulgutamiseks, soovitatav keskmise suurusega ettev\u00f5tetele ja koopiat\u00f6\u00f6kodadele. Valikus viis erineva veeriste, augu kuju ja suurusega kassetti. Tugev metallkonstruktsioon, mis v\u00f5imaldab mulgustada kuni 25 lehte korraga. See seade s\u00e4\u00e4stab teie aega, ruumi ja raha. Kiire, lihtne ja t\u00f5hus vaid \u00fches masinas k\u00f5ige aukude augustamiseks. Formaat: A4, augustatav kuni 25 paberilehte, k\u00fcljekontroll.<\/p>\n<div id=\"gtx-trans\" style=\"position: absolute; left: 79px; top: 37px;\">\n<div class=\"gtx-trans-icon\"><\/div>\n<\/div>","protected":false},"excerpt":{"rendered":"<p>K\u00f6itematerjal OPUS Profi PUNCH<\/p>","protected":false},"featured_media":11473,"template":"","meta":[],"product_brand":[],"product_cat":[119],"product_tag":[],"class_list":{"0":"post-12508","1":"product","2":"type-product","3":"status-publish","4":"has-post-thumbnail","6":"product_cat-knygu-risimo-iranga","8":"first","9":"outofstock","10":"product-type-simple"},"_links":{"self":[{"href":"https:\/\/tavieta.lt\/ee\/wp-json\/wp\/v2\/product\/12508","targetHints":{"allow":["GET"]}}],"collection":[{"href":"https:\/\/tavieta.lt\/ee\/wp-json\/wp\/v2\/product"}],"about":[{"href":"https:\/\/tavieta.lt\/ee\/wp-json\/wp\/v2\/types\/product"}],"wp:featuredmedia":[{"embeddable":true,"href":"https:\/\/tavieta.lt\/ee\/wp-json\/wp\/v2\/media\/11473"}],"wp:attachment":[{"href":"https:\/\/tavieta.lt\/ee\/wp-json\/wp\/v2\/media?parent=12508"}],"wp:term":[{"taxonomy":"product_brand","embeddable":true,"href":"https:\/\/tavieta.lt\/ee\/wp-json\/wp\/v2\/product_brand?post=12508"},{"taxonomy":"product_cat","embeddable":true,"href":"https:\/\/tavieta.lt\/ee\/wp-json\/wp\/v2\/product_cat?post=12508"},{"taxonomy":"product_tag","embeddable":true,"href":"https:\/\/tavieta.lt\/ee\/wp-json\/wp\/v2\/product_tag?post=12508"}],"curies":[{"name":"t\u00f6\u00f6leht","href":"https:\/\/api.w.org\/{rel}","templated":true}]}}