{"id":12510,"date":"2024-02-07T08:33:22","date_gmt":"2024-02-07T08:33:22","guid":{"rendered":"http:\/\/tavieta.lt\/produktas\/kartono-pjaustykle\/"},"modified":"2024-02-07T08:33:25","modified_gmt":"2024-02-07T08:33:25","slug":"kartono-pjaustykle","status":"publish","type":"product","link":"https:\/\/tavieta.lt\/ee\/toode\/kartono-pjaustykle\/","title":{"rendered":"Papi l\u00f5ikur"},"content":{"rendered":"<p>Papil\u00f5ikur, mis on ette n\u00e4htud paberi, papi, pehme plastfooliumi l\u00f5ikamiseks nii lehtedest kui paberirullidest. Pinnaviimistlusega vastupidav terasdetailidest l\u00f5ikur ja lamineeritud lauaplaat, mis h\u00f5lbustab l\u00f5igatava materjali teisaldamist. Spetsiaalse teraga kang on tasakaalustatud vastukaaluga. Papschere saab varustada hoidikuga lisahoidikuga materjalide l\u00f5ikamiseks kuni 1300 mm laiusest rullist.<\/p>\n<p>M\u00f5\u00f5dud: Klambrid: 2 144 x 948 mm<\/p>\n<p>T\u00f6\u00f6pind: 1385 x 790 mm<\/p>\n<p>L\u00f5ikepikkus 1300 mm<\/p>\n<p>Kaal: 360 kg<\/p>\n<table style=\"width: 42.6058%;\" cellspacing=\"0\" cellpadding=\"0\">\n<tbody>\n<tr>\n<td style=\"width: 23.0769%; text-align: center;\" valign=\"top\">\n<p><strong>Kood<\/strong><\/p>\n<\/td>\n<td style=\"width: 52.9915%; text-align: center;\" valign=\"top\">\n<p><strong>\u00a0\u00a0 Kirjeldus<\/strong><\/p>\n<\/td>\n<td style=\"width: 180.769%; text-align: center;\" valign=\"top\">\n<p><strong>Kogus<\/strong><\/p>\n<\/td>\n<\/tr>\n<tr>\n<td style=\"width: 23.0769%; text-align: center;\" valign=\"top\">\n<p>60121<\/p>\n<\/td>\n<td style=\"width: 52.9915%; text-align: center;\" valign=\"top\">\n<p>L\u00f5ikur<\/p>\n<\/td>\n<td style=\"width: 180.769%; text-align: center;\" valign=\"top\">\n<p>1 tk.<\/p>\n<\/td>\n<\/tr>\n<\/tbody>\n<\/table>\n<div id=\"gtx-trans\" style=\"position: absolute; left: 79px; top: 37px;\">\n<div class=\"gtx-trans-icon\"><\/div>\n<\/div>","protected":false},"excerpt":{"rendered":"<p>Papi l\u00f5ikur<\/p>","protected":false},"featured_media":11477,"template":"","meta":[],"product_brand":[],"product_cat":[118],"product_tag":[],"class_list":{"0":"post-12510","1":"product","2":"type-product","3":"status-publish","4":"has-post-thumbnail","6":"product_cat-svirtines-pjaustykles","8":"first","9":"outofstock","10":"product-type-simple"},"_links":{"self":[{"href":"https:\/\/tavieta.lt\/ee\/wp-json\/wp\/v2\/product\/12510","targetHints":{"allow":["GET"]}}],"collection":[{"href":"https:\/\/tavieta.lt\/ee\/wp-json\/wp\/v2\/product"}],"about":[{"href":"https:\/\/tavieta.lt\/ee\/wp-json\/wp\/v2\/types\/product"}],"wp:featuredmedia":[{"embeddable":true,"href":"https:\/\/tavieta.lt\/ee\/wp-json\/wp\/v2\/media\/11477"}],"wp:attachment":[{"href":"https:\/\/tavieta.lt\/ee\/wp-json\/wp\/v2\/media?parent=12510"}],"wp:term":[{"taxonomy":"product_brand","embeddable":true,"href":"https:\/\/tavieta.lt\/ee\/wp-json\/wp\/v2\/product_brand?post=12510"},{"taxonomy":"product_cat","embeddable":true,"href":"https:\/\/tavieta.lt\/ee\/wp-json\/wp\/v2\/product_cat?post=12510"},{"taxonomy":"product_tag","embeddable":true,"href":"https:\/\/tavieta.lt\/ee\/wp-json\/wp\/v2\/product_tag?post=12510"}],"curies":[{"name":"t\u00f6\u00f6leht","href":"https:\/\/api.w.org\/{rel}","templated":true}]}}