{"id":12515,"date":"2024-02-07T08:33:22","date_gmt":"2024-02-07T08:33:22","guid":{"rendered":"http:\/\/tavieta.lt\/produktas\/krepselis-ergo\/"},"modified":"2025-01-30T13:01:14","modified_gmt":"2025-01-30T13:01:14","slug":"krepselis-ergo","status":"publish","type":"product","link":"https:\/\/tavieta.lt\/ee\/toode\/krepselis-ergo\/","title":{"rendered":"Korv ERGO"},"content":{"rendered":"<p>Ergo kott igale raamatukogule, valmistatud 100% taaskasutatud materjalidest. Ergonoomiline disain. Saadaval neljas atraktiivses v\u00e4rvitoonis. Poolringikujuline disain v\u00f5imaldab kotti kanda keha l\u00e4hedal, et koormust kergendada.<\/p>\n<table style=\"width: 76.0694%;\" cellspacing=\"0\" cellpadding=\"0\">\n<tbody>\n<tr>\n<td style=\"width: 28.0576%; text-align: center;\" valign=\"top\">\n<p><strong>Kood<\/strong><\/p>\n<\/td>\n<td style=\"width: 51.7986%; text-align: center;\" valign=\"top\">\n<p><strong>\u00a0 \u00a0 \u00a0 Kirjeldus<\/strong><\/p>\n<\/td>\n<td style=\"width: 189.928%; text-align: center;\" valign=\"top\">\n<p><strong>Kogus<\/strong><\/p>\n<\/td>\n<\/tr>\n<tr>\n<td style=\"width: 28.0576%; text-align: center;\" valign=\"top\">\n<p>W55823-1<\/p>\n<\/td>\n<td style=\"width: 51.7986%; text-align: center;\" valign=\"top\">\n<p>ERGO - paekivi<\/p>\n<\/td>\n<td style=\"width: 189.928%; text-align: center;\" valign=\"top\">\n<p>1 tk.<\/p>\n<\/td>\n<\/tr>\n<tr>\n<td style=\"width: 28.0576%; text-align: center;\" valign=\"top\">\n<p>W55823-2<\/p>\n<\/td>\n<td style=\"width: 51.7986%; text-align: center;\" valign=\"top\">\n<p>ERGO - oran\u017e<\/p>\n<\/td>\n<td style=\"width: 189.928%; text-align: center;\" valign=\"top\">\n<p>1 tk.<\/p>\n<\/td>\n<\/tr>\n<tr>\n<td style=\"width: 28.0576%; text-align: center;\" valign=\"top\">\n<p>W55823-3<\/p>\n<\/td>\n<td style=\"width: 51.7986%; text-align: center;\" valign=\"top\">\n<p>ERGO - sinine<\/p>\n<\/td>\n<td style=\"width: 189.928%; text-align: center;\" valign=\"top\">\n<p>1 tk.<\/p>\n<\/td>\n<\/tr>\n<tr>\n<td style=\"width: 28.0576%; text-align: center;\" valign=\"top\">\n<p>W55823-4<\/p>\n<\/td>\n<td style=\"width: 51.7986%; text-align: center;\" valign=\"top\">\n<p>ERGO - must<\/p>\n<\/td>\n<td style=\"width: 189.928%; text-align: center;\" valign=\"top\">\n<p>1 tk.<\/p>\n<\/td>\n<\/tr>\n<\/tbody>\n<\/table>\n<div id=\"gtx-trans\" style=\"position: absolute; left: 79px; top: 37px;\">\n<div class=\"gtx-trans-icon\"><\/div>\n<\/div>","protected":false},"excerpt":{"rendered":"<p>Korv ERGO<\/p>","protected":false},"featured_media":11486,"template":"","meta":[],"product_brand":[],"product_cat":[227],"product_tag":[],"class_list":{"0":"post-12515","1":"product","2":"type-product","3":"status-publish","4":"has-post-thumbnail","6":"product_cat-restauravimo-priemones","8":"first","9":"outofstock","10":"product-type-simple"},"_links":{"self":[{"href":"https:\/\/tavieta.lt\/ee\/wp-json\/wp\/v2\/product\/12515","targetHints":{"allow":["GET"]}}],"collection":[{"href":"https:\/\/tavieta.lt\/ee\/wp-json\/wp\/v2\/product"}],"about":[{"href":"https:\/\/tavieta.lt\/ee\/wp-json\/wp\/v2\/types\/product"}],"wp:featuredmedia":[{"embeddable":true,"href":"https:\/\/tavieta.lt\/ee\/wp-json\/wp\/v2\/media\/11486"}],"wp:attachment":[{"href":"https:\/\/tavieta.lt\/ee\/wp-json\/wp\/v2\/media?parent=12515"}],"wp:term":[{"taxonomy":"product_brand","embeddable":true,"href":"https:\/\/tavieta.lt\/ee\/wp-json\/wp\/v2\/product_brand?post=12515"},{"taxonomy":"product_cat","embeddable":true,"href":"https:\/\/tavieta.lt\/ee\/wp-json\/wp\/v2\/product_cat?post=12515"},{"taxonomy":"product_tag","embeddable":true,"href":"https:\/\/tavieta.lt\/ee\/wp-json\/wp\/v2\/product_tag?post=12515"}],"curies":[{"name":"t\u00f6\u00f6leht","href":"https:\/\/api.w.org\/{rel}","templated":true}]}}