{"id":12516,"date":"2024-02-07T08:33:22","date_gmt":"2024-02-07T08:33:22","guid":{"rendered":"http:\/\/tavieta.lt\/produktas\/filmolam-max-laminavimo-masina\/"},"modified":"2025-01-30T07:33:21","modified_gmt":"2025-01-30T07:33:21","slug":"filmolam-max-laminavimo-masina","status":"publish","type":"product","link":"https:\/\/tavieta.lt\/ee\/toode\/filmolam-max-laminavimo-masina\/","title":{"rendered":"Filmolam MAX lamineerimismasin"},"content":{"rendered":"<p>Filmolam MAX on lamineerimismasin, mis on m\u00f5eldud professionaalseks kasutamiseks ja kogu k\u00f6idetud mahtude seeria kiiremaks lamineerimiseks. Lisaks integreeritud raamatusuuruse m\u00f5\u00f5tmise skaalale teeb Filmolam MAXi lihtne haare laminaadist ja \u00fclit\u00f5hus kinnitusseade raamatute lamineerimiseks aega s\u00e4\u00e4stva ja t\u00f5husa juhtimiss\u00fcsteemi seadmeks.<\/p>\n<table style=\"width: 69.2308%;\" cellspacing=\"0\" cellpadding=\"0\">\n<tbody>\n<tr>\n<td style=\"width: 13.8702%; text-align: center;\" valign=\"top\"><strong>Kood<\/strong><\/td>\n<td style=\"width: 73.8255%; text-align: center;\" valign=\"top\"><strong>Kirjeldus<\/strong><\/td>\n<td style=\"width: 65.7718%; text-align: center;\" valign=\"top\"><strong>Kogus<\/strong><\/td>\n<\/tr>\n<tr>\n<td style=\"width: 13.8702%; text-align: center;\" valign=\"top\">20257M<\/td>\n<td style=\"width: 73.8255%; text-align: center;\" valign=\"top\">Filmolam MAX professionaalne lamineerimisjaam<\/td>\n<td style=\"width: 65.7718%; text-align: center;\" valign=\"top\">1 tk.<\/td>\n<\/tr>\n<\/tbody>\n<\/table>\n<p><img decoding=\"async\" class=\"\" src=\"https:\/\/old.labostera.lt\/wp-content\/uploads\/2020\/04\/image77.jpeg\" width=\"206\" height=\"117\" \/><img decoding=\"async\" class=\"\" src=\"https:\/\/old.labostera.lt\/wp-content\/uploads\/2020\/04\/image78.jpeg\" width=\"206\" height=\"117\" \/><img decoding=\"async\" class=\"\" src=\"https:\/\/old.labostera.lt\/wp-content\/uploads\/2020\/04\/image79.jpeg\" width=\"205\" height=\"117\" \/><img loading=\"lazy\" decoding=\"async\" class=\"\" src=\"https:\/\/old.labostera.lt\/wp-content\/uploads\/2020\/04\/image80.jpeg\" width=\"208\" height=\"119\" \/><img loading=\"lazy\" decoding=\"async\" class=\"\" src=\"https:\/\/old.labostera.lt\/wp-content\/uploads\/2020\/04\/image81.jpeg\" width=\"211\" height=\"120\" \/><img loading=\"lazy\" decoding=\"async\" class=\"\" src=\"https:\/\/old.labostera.lt\/wp-content\/uploads\/2020\/04\/image82.jpeg\" width=\"211\" height=\"120\" \/><\/p>\n<p>&nbsp;<\/p>\n<div id=\"gtx-trans\" style=\"position: absolute; left: 79px; top: 37px;\">\n<div class=\"gtx-trans-icon\"><\/div>\n<\/div>","protected":false},"excerpt":{"rendered":"<p>Filmolam MAX<\/p>","protected":false},"featured_media":11488,"template":"","meta":[],"product_brand":[],"product_cat":[104],"product_tag":[],"class_list":{"0":"post-12516","1":"product","2":"type-product","3":"status-publish","4":"has-post-thumbnail","6":"product_cat-knygu-virseliu-apsauga","8":"first","9":"outofstock","10":"product-type-simple"},"_links":{"self":[{"href":"https:\/\/tavieta.lt\/ee\/wp-json\/wp\/v2\/product\/12516","targetHints":{"allow":["GET"]}}],"collection":[{"href":"https:\/\/tavieta.lt\/ee\/wp-json\/wp\/v2\/product"}],"about":[{"href":"https:\/\/tavieta.lt\/ee\/wp-json\/wp\/v2\/types\/product"}],"wp:featuredmedia":[{"embeddable":true,"href":"https:\/\/tavieta.lt\/ee\/wp-json\/wp\/v2\/media\/11488"}],"wp:attachment":[{"href":"https:\/\/tavieta.lt\/ee\/wp-json\/wp\/v2\/media?parent=12516"}],"wp:term":[{"taxonomy":"product_brand","embeddable":true,"href":"https:\/\/tavieta.lt\/ee\/wp-json\/wp\/v2\/product_brand?post=12516"},{"taxonomy":"product_cat","embeddable":true,"href":"https:\/\/tavieta.lt\/ee\/wp-json\/wp\/v2\/product_cat?post=12516"},{"taxonomy":"product_tag","embeddable":true,"href":"https:\/\/tavieta.lt\/ee\/wp-json\/wp\/v2\/product_tag?post=12516"}],"curies":[{"name":"t\u00f6\u00f6leht","href":"https:\/\/api.w.org\/{rel}","templated":true}]}}