{"id":12518,"date":"2024-02-07T08:33:22","date_gmt":"2024-02-07T08:33:22","guid":{"rendered":"http:\/\/tavieta.lt\/produktas\/kiseninis-laminatorius-unilam\/"},"modified":"2025-01-30T07:33:34","modified_gmt":"2025-01-30T07:33:34","slug":"kiseninis-laminatorius-unilam","status":"publish","type":"product","link":"https:\/\/tavieta.lt\/ee\/toode\/kiseninis-laminatorius-unilam\/","title":{"rendered":"Taskulaminaator UNILAM"},"content":{"rendered":"<p>Korraliku lamineerimise tagamiseks on masinal kaks rullikut ja kuumakindel seade. See sobib erinevate v\u00e4ljatr\u00fckkidega t\u00f6\u00f6tamiseks, n\u00e4iteks: fotok\u00f6itjate sertifikaadid jne. Tulemus v\u00f5ib olla suurep\u00e4rane. Seda saab kasutada kontoris, fotodel, raamatukogus ja mujal, kus on vaja midagi lamineerida.<\/p>\n<table style=\"width: 87.6794%; height: 138px;\" width=\"879\">\n<tbody>\n<tr style=\"height: 23px;\">\n<td style=\"text-align: center; height: 23px;\" width=\"116\">120 YD<\/td>\n<td style=\"text-align: center; height: 23px;\" width=\"313\">Taskulaminaator UNILAM<\/td>\n<td style=\"text-align: center; height: 23px;\" width=\"273\"><\/td>\n<td style=\"text-align: center; height: 23px;\" width=\"177\">1 tk<\/td>\n<\/tr>\n<tr style=\"height: 23px;\">\n<td style=\"text-align: center; height: 23px;\">Y54861<\/td>\n<td style=\"text-align: center; height: 115px;\" rowspan=\"5\">Lamineerimistaskud<\/td>\n<td style=\"text-align: center; height: 23px;\">54 x 86 mm, 125 mikrofoni<\/td>\n<td style=\"text-align: center; height: 23px;\">100 tk<\/td>\n<\/tr>\n<tr style=\"height: 23px;\">\n<td style=\"text-align: center; height: 23px;\">Y5595<\/td>\n<td style=\"text-align: center; height: 23px;\">60 x 95 mm, 175 mikronit<\/td>\n<td style=\"text-align: center; height: 23px;\">100 tk<\/td>\n<\/tr>\n<tr style=\"height: 23px;\">\n<td style=\"text-align: center; height: 23px;\">Y55958<\/td>\n<td style=\"text-align: center; height: 23px;\">60 x 95 mm, 80 mikrofoni<\/td>\n<td style=\"text-align: center; height: 23px;\">100 tk<\/td>\n<\/tr>\n<tr style=\"height: 23px;\">\n<td style=\"text-align: center; height: 23px;\">Y65958<\/td>\n<td style=\"text-align: center; height: 23px;\">65 x 95 mm, 80 mikrofoni<\/td>\n<td style=\"text-align: center; height: 23px;\">100 tk<\/td>\n<\/tr>\n<tr style=\"height: 23px;\">\n<td style=\"text-align: center; height: 23px;\">Y80110100<\/td>\n<td style=\"text-align: center; height: 23px;\">A7, 81 x 110 mm, 100 mikronit<\/td>\n<td style=\"text-align: center; height: 23px;\">100 tk<\/td>\n<\/tr>\n<\/tbody>\n<\/table>\n<div id=\"gtx-trans\" style=\"position: absolute; left: 79px; top: 37px;\">\n<div class=\"gtx-trans-icon\"><\/div>\n<\/div>","protected":false},"excerpt":{"rendered":"<p>taskulaminaator<\/p>","protected":false},"featured_media":11492,"template":"","meta":[],"product_brand":[],"product_cat":[104],"product_tag":[],"class_list":{"0":"post-12518","1":"product","2":"type-product","3":"status-publish","4":"has-post-thumbnail","6":"product_cat-knygu-virseliu-apsauga","8":"first","9":"outofstock","10":"product-type-simple"},"_links":{"self":[{"href":"https:\/\/tavieta.lt\/ee\/wp-json\/wp\/v2\/product\/12518","targetHints":{"allow":["GET"]}}],"collection":[{"href":"https:\/\/tavieta.lt\/ee\/wp-json\/wp\/v2\/product"}],"about":[{"href":"https:\/\/tavieta.lt\/ee\/wp-json\/wp\/v2\/types\/product"}],"wp:featuredmedia":[{"embeddable":true,"href":"https:\/\/tavieta.lt\/ee\/wp-json\/wp\/v2\/media\/11492"}],"wp:attachment":[{"href":"https:\/\/tavieta.lt\/ee\/wp-json\/wp\/v2\/media?parent=12518"}],"wp:term":[{"taxonomy":"product_brand","embeddable":true,"href":"https:\/\/tavieta.lt\/ee\/wp-json\/wp\/v2\/product_brand?post=12518"},{"taxonomy":"product_cat","embeddable":true,"href":"https:\/\/tavieta.lt\/ee\/wp-json\/wp\/v2\/product_cat?post=12518"},{"taxonomy":"product_tag","embeddable":true,"href":"https:\/\/tavieta.lt\/ee\/wp-json\/wp\/v2\/product_tag?post=12518"}],"curies":[{"name":"t\u00f6\u00f6leht","href":"https:\/\/api.w.org\/{rel}","templated":true}]}}