{"id":12519,"date":"2024-02-07T08:33:22","date_gmt":"2024-02-07T08:33:22","guid":{"rendered":"http:\/\/tavieta.lt\/produktas\/darbines-pirstines\/"},"modified":"2025-01-30T13:01:15","modified_gmt":"2025-01-30T13:01:15","slug":"darbines-pirstines","status":"publish","type":"product","link":"https:\/\/tavieta.lt\/ee\/toode\/darbines-pirstines\/","title":{"rendered":"T\u00f6\u00f6kindad"},"content":{"rendered":"<p>T\u00f6\u00f6kindad ohutuks t\u00f6\u00f6ks.<\/p>\n<table style=\"width: 87.6794%; height: 263px;\" width=\"879\">\n<tbody>\n<tr style=\"height: 23px;\">\n<td style=\"text-align: center; height: 92px;\" rowspan=\"4\" width=\"116\">10571<\/td>\n<td style=\"text-align: center; height: 23px;\" width=\"313\">\u00a0<\/td>\n<td style=\"text-align: center; height: 92px;\" rowspan=\"4\" width=\"273\">pehme puuvill<\/td>\n<td style=\"text-align: center; height: 46px;\" rowspan=\"2\" width=\"177\">1 tk<\/td>\n<\/tr>\n<tr style=\"height: 23px;\">\n<td style=\"text-align: center; height: 23px;\">\u00a0<\/td>\n<\/tr>\n<tr style=\"height: 23px;\">\n<td style=\"text-align: center; height: 23px;\">\u00a0<\/td>\n<td style=\"text-align: center; height: 23px;\">100 tk<\/td>\n<\/tr>\n<tr style=\"height: 23px;\">\n<td style=\"text-align: center; height: 23px;\">\u00a0<\/td>\n<td style=\"text-align: center; height: 23px;\">\u00a0<\/td>\n<\/tr>\n<tr style=\"height: 23px;\">\n<td style=\"text-align: center; height: 92px;\" rowspan=\"4\">10593<\/td>\n<td style=\"text-align: center; height: 23px;\">\u00a0<\/td>\n<td style=\"text-align: center; height: 92px;\" rowspan=\"4\" width=\"273\">pehme puuvill, PVC t\u00e4ppidega<\/td>\n<td style=\"text-align: center; height: 46px;\" rowspan=\"2\">1 tk<\/td>\n<\/tr>\n<tr style=\"height: 23px;\">\n<td style=\"text-align: center; height: 23px;\">T\u00f6\u00f6kindad<\/td>\n<\/tr>\n<tr style=\"height: 23px;\">\n<td style=\"text-align: center; height: 23px;\">\u00a0<\/td>\n<td style=\"text-align: center; height: 46px;\" rowspan=\"2\">100 tk<\/td>\n<\/tr>\n<tr style=\"height: 23px;\">\n<td style=\"text-align: center; height: 23px;\">\u00a0<\/td>\n<\/tr>\n<tr style=\"height: 23px;\">\n<td style=\"text-align: center; height: 79px;\" rowspan=\"4\">10461<\/td>\n<td style=\"text-align: center; height: 23px;\">\u00a0<\/td>\n<td style=\"text-align: center; height: 79px;\" rowspan=\"4\">meditsiiniline lateks<\/td>\n<td style=\"text-align: center; height: 79px;\" rowspan=\"4\">100 tk<\/td>\n<\/tr>\n<tr style=\"height: 23px;\">\n<td style=\"text-align: center; height: 23px;\">\u00a0<\/td>\n<\/tr>\n<tr style=\"height: 23px;\">\n<td style=\"text-align: center; height: 23px;\">\u00a0<\/td>\n<\/tr>\n<tr style=\"height: 10px;\">\n<td style=\"text-align: center; height: 10px;\">\u00a0<\/td>\n<\/tr>\n<\/tbody>\n<\/table>\n<div id=\"gtx-trans\" style=\"position: absolute; left: 79px; top: 37px;\">\n<div class=\"gtx-trans-icon\"><\/div>\n<\/div>","protected":false},"excerpt":{"rendered":"<p>postkastid<\/p>","protected":false},"featured_media":11494,"template":"","meta":[],"product_brand":[],"product_cat":[227],"product_tag":[],"class_list":{"0":"post-12519","1":"product","2":"type-product","3":"status-publish","4":"has-post-thumbnail","6":"product_cat-restauravimo-priemones","8":"first","9":"outofstock","10":"product-type-simple"},"_links":{"self":[{"href":"https:\/\/tavieta.lt\/ee\/wp-json\/wp\/v2\/product\/12519","targetHints":{"allow":["GET"]}}],"collection":[{"href":"https:\/\/tavieta.lt\/ee\/wp-json\/wp\/v2\/product"}],"about":[{"href":"https:\/\/tavieta.lt\/ee\/wp-json\/wp\/v2\/types\/product"}],"wp:featuredmedia":[{"embeddable":true,"href":"https:\/\/tavieta.lt\/ee\/wp-json\/wp\/v2\/media\/11494"}],"wp:attachment":[{"href":"https:\/\/tavieta.lt\/ee\/wp-json\/wp\/v2\/media?parent=12519"}],"wp:term":[{"taxonomy":"product_brand","embeddable":true,"href":"https:\/\/tavieta.lt\/ee\/wp-json\/wp\/v2\/product_brand?post=12519"},{"taxonomy":"product_cat","embeddable":true,"href":"https:\/\/tavieta.lt\/ee\/wp-json\/wp\/v2\/product_cat?post=12519"},{"taxonomy":"product_tag","embeddable":true,"href":"https:\/\/tavieta.lt\/ee\/wp-json\/wp\/v2\/product_tag?post=12519"}],"curies":[{"name":"t\u00f6\u00f6leht","href":"https:\/\/api.w.org\/{rel}","templated":true}]}}