{"id":12524,"date":"2024-02-07T08:33:22","date_gmt":"2024-02-07T08:33:22","guid":{"rendered":"http:\/\/tavieta.lt\/produktas\/vezimelis-knygoms-wamech-nr-3\/"},"modified":"2024-02-07T08:34:31","modified_gmt":"2024-02-07T08:34:31","slug":"vezimelis-knygoms-wamech-nr-3","status":"publish","type":"product","link":"https:\/\/tavieta.lt\/ee\/toode\/vezimelis-knygoms-wamech-nr-3\/","title":{"rendered":"K\u00e4ru raamatutele Wamech nr 3"},"content":{"rendered":"<p><strong>M\u00f5\u00f5dud: <\/strong>943 x 1080 x 300 mm (k\u00f5rgus x pikkus x laius)<\/p>\n<p><strong>Ehitus: <\/strong>Teras, keevitatud, pulberv\u00e4rvimine vastavalt RAL paletile. Riiulid: 830 x<\/p>\n<p>290 mm, kaldega 5 \u00b0; Riiulite vaheline kaugus: 245 mm<\/p>\n<p><strong>Rattad<\/strong>: Neli p\u00f6\u00f6rlevat ratast, kaks t\u00e4ispiduriga, hallid, ei kriimu.<\/p>\n<p><strong>Ratta l\u00e4bim\u00f5\u00f5t<\/strong>: 100 mm<\/p>\n<p>K\u00e4ru kandev\u00f5ime: 150 kg<\/p>\n<div id=\"gtx-trans\" style=\"position: absolute; left: 79px; top: 37px;\">\n<div class=\"gtx-trans-icon\"><\/div>\n<\/div>","protected":false},"excerpt":{"rendered":"<p>raamatuk\u00e4ru wamech nr 2<\/p>","protected":false},"featured_media":11504,"template":"","meta":[],"product_brand":[],"product_cat":[107,108],"product_tag":[],"class_list":{"0":"post-12524","1":"product","2":"type-product","3":"status-publish","4":"has-post-thumbnail","6":"product_cat-baldai","7":"product_cat-vezimeliai-knygoms","9":"first","10":"outofstock","11":"product-type-simple"},"_links":{"self":[{"href":"https:\/\/tavieta.lt\/ee\/wp-json\/wp\/v2\/product\/12524","targetHints":{"allow":["GET"]}}],"collection":[{"href":"https:\/\/tavieta.lt\/ee\/wp-json\/wp\/v2\/product"}],"about":[{"href":"https:\/\/tavieta.lt\/ee\/wp-json\/wp\/v2\/types\/product"}],"wp:featuredmedia":[{"embeddable":true,"href":"https:\/\/tavieta.lt\/ee\/wp-json\/wp\/v2\/media\/11504"}],"wp:attachment":[{"href":"https:\/\/tavieta.lt\/ee\/wp-json\/wp\/v2\/media?parent=12524"}],"wp:term":[{"taxonomy":"product_brand","embeddable":true,"href":"https:\/\/tavieta.lt\/ee\/wp-json\/wp\/v2\/product_brand?post=12524"},{"taxonomy":"product_cat","embeddable":true,"href":"https:\/\/tavieta.lt\/ee\/wp-json\/wp\/v2\/product_cat?post=12524"},{"taxonomy":"product_tag","embeddable":true,"href":"https:\/\/tavieta.lt\/ee\/wp-json\/wp\/v2\/product_tag?post=12524"}],"curies":[{"name":"t\u00f6\u00f6leht","href":"https:\/\/api.w.org\/{rel}","templated":true}]}}