{"id":12526,"date":"2024-02-07T08:34:36","date_gmt":"2024-02-07T08:34:36","guid":{"rendered":"http:\/\/tavieta.lt\/produktas\/vezimelis-knygoms-wamech-nr-5\/"},"modified":"2024-02-07T08:34:36","modified_gmt":"2024-02-07T08:34:36","slug":"vezimelis-knygoms-wamech-nr-5","status":"publish","type":"product","link":"https:\/\/tavieta.lt\/ee\/toode\/vezimelis-knygoms-wamech-nr-5\/","title":{"rendered":"K\u00e4ru raamatutele Wamech nr.5"},"content":{"rendered":"<p><strong>M\u00f5\u00f5dud: <\/strong>1050 x 340 x 1100 mm (pikkus x laius x k\u00f5rgus)<\/p>\n<p>Konstruktsioon: Teras, keevitatud, pulberv\u00e4rvimine vastavalt RAL paletile. Riiulid: 835 x 300mm; kaldega 5 \u00b0 kraadi; riiulite vaheline kaugus: 300 mm.<\/p>\n<p><strong>Rattad<\/strong>: 4 p\u00f6\u00f6rlevat, 2 t\u00e4ispiduriga, kuullaagrid, turvisega kriimustusvastased rattad<\/p>\n<p><strong>Ratta l\u00e4bim\u00f5\u00f5t<\/strong>: 100 mm<\/p>\n<p>K\u00e4ru kandev\u00f5ime: 150 kg<\/p>\n<div id=\"gtx-trans\" style=\"position: absolute; left: 79px; top: 37px;\">\n<div class=\"gtx-trans-icon\"><\/div>\n<\/div>","protected":false},"excerpt":{"rendered":"<p>K\u00e4ru raamatutele nr 4<\/p>","protected":false},"featured_media":11508,"template":"","meta":[],"product_brand":[],"product_cat":[107,108],"product_tag":[],"class_list":{"0":"post-12526","1":"product","2":"type-product","3":"status-publish","4":"has-post-thumbnail","6":"product_cat-baldai","7":"product_cat-vezimeliai-knygoms","9":"first","10":"outofstock","11":"product-type-simple"},"_links":{"self":[{"href":"https:\/\/tavieta.lt\/ee\/wp-json\/wp\/v2\/product\/12526","targetHints":{"allow":["GET"]}}],"collection":[{"href":"https:\/\/tavieta.lt\/ee\/wp-json\/wp\/v2\/product"}],"about":[{"href":"https:\/\/tavieta.lt\/ee\/wp-json\/wp\/v2\/types\/product"}],"wp:featuredmedia":[{"embeddable":true,"href":"https:\/\/tavieta.lt\/ee\/wp-json\/wp\/v2\/media\/11508"}],"wp:attachment":[{"href":"https:\/\/tavieta.lt\/ee\/wp-json\/wp\/v2\/media?parent=12526"}],"wp:term":[{"taxonomy":"product_brand","embeddable":true,"href":"https:\/\/tavieta.lt\/ee\/wp-json\/wp\/v2\/product_brand?post=12526"},{"taxonomy":"product_cat","embeddable":true,"href":"https:\/\/tavieta.lt\/ee\/wp-json\/wp\/v2\/product_cat?post=12526"},{"taxonomy":"product_tag","embeddable":true,"href":"https:\/\/tavieta.lt\/ee\/wp-json\/wp\/v2\/product_tag?post=12526"}],"curies":[{"name":"t\u00f6\u00f6leht","href":"https:\/\/api.w.org\/{rel}","templated":true}]}}