{"id":12530,"date":"2024-02-07T08:34:36","date_gmt":"2024-02-07T08:34:36","guid":{"rendered":"http:\/\/tavieta.lt\/produktas\/vezimelis-knygoms-wamech-nr-9\/"},"modified":"2024-02-07T08:34:39","modified_gmt":"2024-02-07T08:34:39","slug":"vezimelis-knygoms-wamech-nr-9","status":"publish","type":"product","link":"https:\/\/tavieta.lt\/ee\/toode\/vezimelis-knygoms-wamech-nr-9\/","title":{"rendered":"K\u00e4ru raamatutele Wamech nr 9"},"content":{"rendered":"<p><strong>M\u00f5\u00f5tmised<\/strong>: 1010 x 850 x 300 mm (k\u00f5rgus x pikkus x laius)<\/p>\n<p><strong>Ehitus<\/strong>: Teras, keevitatud, pulberv\u00e4rvimine vastavalt RAL paletile. Riiulid: 800 x 300 mm; kaldega 5 \u00b0 kraadi; riiulite vaheline kaugus: 285 mm.<\/p>\n<p><strong>Rattad<\/strong>: 4 p\u00f6\u00f6rlevat, 2 t\u00e4ispiduriga, hall, kriimuvaba.<\/p>\n<p><strong>Ratta l\u00e4bim\u00f5\u00f5t<\/strong>: 100 mm<\/p>\n<p>K\u00e4ru kandev\u00f5ime: 150 kg<\/p>\n<div id=\"gtx-trans\" style=\"position: absolute; left: 79px; top: 37px;\">\n<div class=\"gtx-trans-icon\"><\/div>\n<\/div>","protected":false},"excerpt":{"rendered":"<p>K\u00e4ru raamatutele Wamech nr 9<\/p>","protected":false},"featured_media":11516,"template":"","meta":[],"product_brand":[],"product_cat":[107,108],"product_tag":[],"class_list":{"0":"post-12530","1":"product","2":"type-product","3":"status-publish","4":"has-post-thumbnail","6":"product_cat-baldai","7":"product_cat-vezimeliai-knygoms","9":"first","10":"outofstock","11":"product-type-simple"},"_links":{"self":[{"href":"https:\/\/tavieta.lt\/ee\/wp-json\/wp\/v2\/product\/12530","targetHints":{"allow":["GET"]}}],"collection":[{"href":"https:\/\/tavieta.lt\/ee\/wp-json\/wp\/v2\/product"}],"about":[{"href":"https:\/\/tavieta.lt\/ee\/wp-json\/wp\/v2\/types\/product"}],"wp:featuredmedia":[{"embeddable":true,"href":"https:\/\/tavieta.lt\/ee\/wp-json\/wp\/v2\/media\/11516"}],"wp:attachment":[{"href":"https:\/\/tavieta.lt\/ee\/wp-json\/wp\/v2\/media?parent=12530"}],"wp:term":[{"taxonomy":"product_brand","embeddable":true,"href":"https:\/\/tavieta.lt\/ee\/wp-json\/wp\/v2\/product_brand?post=12530"},{"taxonomy":"product_cat","embeddable":true,"href":"https:\/\/tavieta.lt\/ee\/wp-json\/wp\/v2\/product_cat?post=12530"},{"taxonomy":"product_tag","embeddable":true,"href":"https:\/\/tavieta.lt\/ee\/wp-json\/wp\/v2\/product_tag?post=12530"}],"curies":[{"name":"t\u00f6\u00f6leht","href":"https:\/\/api.w.org\/{rel}","templated":true}]}}