{"id":12531,"date":"2024-02-07T08:34:36","date_gmt":"2024-02-07T08:34:36","guid":{"rendered":"http:\/\/tavieta.lt\/produktas\/gudy-dot-kliju-dozatorius\/"},"modified":"2025-01-30T13:01:13","modified_gmt":"2025-01-30T13:01:13","slug":"gudy-dot-kliju-dozatorius","status":"publish","type":"product","link":"https:\/\/tavieta.lt\/ee\/toode\/gudy-dot-kliju-dozatorius\/","title":{"rendered":"Gudy dot liimi dosaator"},"content":{"rendered":"<p>See kauakestev l\u00e4bipaistev akr\u00fc\u00fclliim on happevaba ja ajatu. Liimipunktide levitamise tehnoloogia lihtne pealekandmine ilma dosaatorita muudab materjali liimimise lihtsaks. N\u00e4iteks punktliimimisega saab fotosid igal ajal eemaldada ja asendada vaatamata p\u00fcsiliimit\u00e4ppidele. Liimit\u00e4pid saab seej\u00e4rel s\u00f5rmega h\u00f5\u00f5rudes kergesti eemaldada.<\/p>\n<table style=\"width: 69.1007%;\" cellspacing=\"0\" cellpadding=\"0\">\n<tbody>\n<tr>\n<td style=\"width: 20.6704%; text-align: center;\" valign=\"top\">\n<p><strong>Kood<\/strong><\/p>\n<\/td>\n<td style=\"width: 63.6872%; text-align: center;\" valign=\"top\">\n<p><strong>Kirjeldus<\/strong><\/p>\n<\/td>\n<td style=\"width: 106.704%; text-align: center;\" valign=\"top\">\n<p><strong>Kogus<\/strong><\/p>\n<\/td>\n<\/tr>\n<tr>\n<td style=\"width: 20.6704%; text-align: center;\" valign=\"top\">\n<p>35429<\/p>\n<\/td>\n<td style=\"width: 63.6872%; text-align: center;\" valign=\"top\">\n<p>Gudy DOT dosaator<\/p>\n<\/td>\n<td style=\"width: 106.704%; text-align: center;\" valign=\"top\">\n<p>1 tk.<\/p>\n<\/td>\n<\/tr>\n<tr>\n<td style=\"width: 20.6704%; text-align: center;\" valign=\"top\">\n<p>6035157<\/p>\n<\/td>\n<td style=\"width: 63.6872%; text-align: center;\" valign=\"top\">\n<p>Gudy DOT teip, 50 mx 2,5 cm<\/p>\n<\/td>\n<td style=\"width: 106.704%; text-align: center;\" valign=\"top\">\n<p>1 tk.<\/p>\n<\/td>\n<\/tr>\n<tr>\n<td style=\"width: 20.6704%; text-align: center;\" valign=\"top\">\n<p>6035157A<\/p>\n<\/td>\n<td style=\"width: 63.6872%; text-align: center;\" valign=\"top\">\n<p>Gudy DOT teip, 50 mx 104 cm<\/p>\n<\/td>\n<td style=\"width: 106.704%; text-align: center;\" valign=\"top\">\n<p>1 tk.<\/p>\n<\/td>\n<\/tr>\n<tr>\n<td style=\"width: 20.6704%; text-align: center;\" valign=\"top\">\n<p>6035157B<\/p>\n<\/td>\n<td style=\"width: 63.6872%; text-align: center;\" valign=\"top\">\n<p>Gudy DOT teip, 50 mx 130 cm<\/p>\n<\/td>\n<td style=\"width: 106.704%; text-align: center;\" valign=\"top\">\n<p>1 tk.<\/p>\n<\/td>\n<\/tr>\n<tr>\n<td style=\"width: 20.6704%; text-align: center;\" valign=\"top\">\n<p>6035157C<\/p>\n<\/td>\n<td style=\"width: 63.6872%; text-align: center;\" valign=\"top\">\n<p>Gudy DOT teip, 50 mx 140 cm<\/p>\n<\/td>\n<td style=\"width: 106.704%; text-align: center;\" valign=\"top\">\n<p>1 tk.<\/p>\n<\/td>\n<\/tr>\n<tr>\n<td style=\"width: 20.6704%; text-align: center;\" valign=\"top\">\n<p>6035157D<\/p>\n<\/td>\n<td style=\"width: 63.6872%; text-align: center;\" valign=\"top\">\n<p>Gudy DOT teip, 50 mx 155 cm<\/p>\n<\/td>\n<td style=\"width: 106.704%; text-align: center;\" valign=\"top\">\n<p>1 tk.<\/p>\n<\/td>\n<\/tr>\n<\/tbody>\n<\/table>\n<div id=\"gtx-trans\" style=\"position: absolute; left: 79px; top: 37px;\">\n<div class=\"gtx-trans-icon\"><\/div>\n<\/div>","protected":false},"excerpt":{"rendered":"<p>Gudy DOT.spenser<\/p>","protected":false},"featured_media":11518,"template":"","meta":[],"product_brand":[],"product_cat":[227],"product_tag":[],"class_list":{"0":"post-12531","1":"product","2":"type-product","3":"status-publish","4":"has-post-thumbnail","6":"product_cat-restauravimo-priemones","8":"first","9":"outofstock","10":"product-type-simple"},"_links":{"self":[{"href":"https:\/\/tavieta.lt\/ee\/wp-json\/wp\/v2\/product\/12531","targetHints":{"allow":["GET"]}}],"collection":[{"href":"https:\/\/tavieta.lt\/ee\/wp-json\/wp\/v2\/product"}],"about":[{"href":"https:\/\/tavieta.lt\/ee\/wp-json\/wp\/v2\/types\/product"}],"wp:featuredmedia":[{"embeddable":true,"href":"https:\/\/tavieta.lt\/ee\/wp-json\/wp\/v2\/media\/11518"}],"wp:attachment":[{"href":"https:\/\/tavieta.lt\/ee\/wp-json\/wp\/v2\/media?parent=12531"}],"wp:term":[{"taxonomy":"product_brand","embeddable":true,"href":"https:\/\/tavieta.lt\/ee\/wp-json\/wp\/v2\/product_brand?post=12531"},{"taxonomy":"product_cat","embeddable":true,"href":"https:\/\/tavieta.lt\/ee\/wp-json\/wp\/v2\/product_cat?post=12531"},{"taxonomy":"product_tag","embeddable":true,"href":"https:\/\/tavieta.lt\/ee\/wp-json\/wp\/v2\/product_tag?post=12531"}],"curies":[{"name":"t\u00f6\u00f6leht","href":"https:\/\/api.w.org\/{rel}","templated":true}]}}