{"id":12532,"date":"2024-02-07T08:34:36","date_gmt":"2024-02-07T08:34:36","guid":{"rendered":"http:\/\/tavieta.lt\/produktas\/puzzle-vaikiskas-stalas-su-4-kedemis\/"},"modified":"2024-02-07T08:34:40","modified_gmt":"2024-02-07T08:34:40","slug":"puzzle-vaikiskas-stalas-su-4-kedemis","status":"publish","type":"product","link":"https:\/\/tavieta.lt\/ee\/toode\/puzzle-vaikiskas-stalas-su-4-kedemis\/","title":{"rendered":"Pusle - lastelaud 4 tooliga"},"content":{"rendered":"<p>Pusle \u2013 pusle on loodud lastem\u00f6\u00f6blit\u00fckkidest koos lihtsustatud pusledega, nagu k\u00f5verad, mis v\u00f5imaldavad lastel vabalt uudistada. Pusle on valmistatud tavalisel viisil l\u00e4bipaistva lakiga kaetud kasest, kuid lisatasu eest saab toota ka teisi v\u00e4rve<\/p>\n<p>Puzzle tooli k\u00f5rgus on 28 cm ja l\u00e4bim\u00f5\u00f5t 35 cm. Laua k\u00f5rgus on 46 cm ning s\u00fcgavus ja laius 90 cm.<\/p>\n<table style=\"width: 49.9264%;\" cellspacing=\"0\" cellpadding=\"0\">\n<tbody>\n<tr>\n<td style=\"width: 26.7782%; text-align: center;\" valign=\"top\">\n<p><strong>Kood<\/strong><\/p>\n<\/td>\n<td style=\"width: 49.7908%; text-align: center;\" valign=\"top\">\n<p><strong>Kirjeldus<\/strong><\/p>\n<\/td>\n<td style=\"width: 130.962%; text-align: center;\" valign=\"top\">\n<p><strong>Kogus<\/strong><\/p>\n<\/td>\n<\/tr>\n<tr>\n<td style=\"width: 26.7782%; text-align: center;\" valign=\"top\">\n<p>EB23211<\/p>\n<\/td>\n<td style=\"width: 49.7908%; text-align: center;\" valign=\"top\">\n<p>Pusle\u00a0<\/p>\n<\/td>\n<td style=\"width: 130.962%; text-align: center;\" valign=\"top\">\n<p>1 tk.<\/p>\n<\/td>\n<\/tr>\n<\/tbody>\n<\/table>\n<div id=\"gtx-trans\" style=\"position: absolute; left: 79px; top: 37px;\">\n<div class=\"gtx-trans-icon\"><\/div>\n<\/div>","protected":false},"excerpt":{"rendered":"<p>pusle<\/p>","protected":false},"featured_media":11520,"template":"","meta":[],"product_brand":[],"product_cat":[107,122],"product_tag":[],"class_list":{"0":"post-12532","1":"product","2":"type-product","3":"status-publish","4":"has-post-thumbnail","6":"product_cat-baldai","7":"product_cat-baldai-vaiku-erdvei","9":"first","10":"outofstock","11":"product-type-simple"},"_links":{"self":[{"href":"https:\/\/tavieta.lt\/ee\/wp-json\/wp\/v2\/product\/12532","targetHints":{"allow":["GET"]}}],"collection":[{"href":"https:\/\/tavieta.lt\/ee\/wp-json\/wp\/v2\/product"}],"about":[{"href":"https:\/\/tavieta.lt\/ee\/wp-json\/wp\/v2\/types\/product"}],"wp:featuredmedia":[{"embeddable":true,"href":"https:\/\/tavieta.lt\/ee\/wp-json\/wp\/v2\/media\/11520"}],"wp:attachment":[{"href":"https:\/\/tavieta.lt\/ee\/wp-json\/wp\/v2\/media?parent=12532"}],"wp:term":[{"taxonomy":"product_brand","embeddable":true,"href":"https:\/\/tavieta.lt\/ee\/wp-json\/wp\/v2\/product_brand?post=12532"},{"taxonomy":"product_cat","embeddable":true,"href":"https:\/\/tavieta.lt\/ee\/wp-json\/wp\/v2\/product_cat?post=12532"},{"taxonomy":"product_tag","embeddable":true,"href":"https:\/\/tavieta.lt\/ee\/wp-json\/wp\/v2\/product_tag?post=12532"}],"curies":[{"name":"t\u00f6\u00f6leht","href":"https:\/\/api.w.org\/{rel}","templated":true}]}}