{"id":12533,"date":"2024-02-07T08:34:36","date_gmt":"2024-02-07T08:34:36","guid":{"rendered":"http:\/\/tavieta.lt\/produktas\/stalinis-knygu-risimo-spaustuvas-kl-1\/"},"modified":"2024-02-07T08:34:40","modified_gmt":"2024-02-07T08:34:40","slug":"stalinis-knygu-risimo-spaustuvas-kl-1","status":"publish","type":"product","link":"https:\/\/tavieta.lt\/ee\/toode\/stalinis-knygu-risimo-spaustuvas-kl-1\/","title":{"rendered":"Lauaarvuti raamatuk\u00f6itmispress KL-1"},"content":{"rendered":"<p>Lauaarvuti raamatuk\u00f6itepress. K\u00e4sitsi juhitav kompaktne k\u00f6itepress, mis on m\u00f5eldud peamiselt k\u00f6idetud raamatute kokkusurumiseks. Klambriplaadid on valmistatud terasest ja tugevdusvardad annavad piisava tugevuse.<\/p>\n<table width=\"879\">\n<tbody>\n<tr>\n<td style=\"text-align: center;\" width=\"116\">OST00132<\/td>\n<td style=\"text-align: center;\" width=\"313\">Lauaarvuti raamatuk\u00f6itmispress KL - 1\u00a0<\/td>\n<td style=\"text-align: center;\" width=\"273\">490 x 530 x 340 mm<\/td>\n<td style=\"text-align: center;\" width=\"177\">1 tk<\/td>\n<\/tr>\n<\/tbody>\n<\/table>\n<div id=\"gtx-trans\" style=\"position: absolute; left: 79px; top: 37px;\">\n<div class=\"gtx-trans-icon\"><\/div>\n<\/div>","protected":false},"excerpt":{"rendered":"<p>Lauaarvuti raamatuk\u00f6itmispress KL - 0<\/p>","protected":false},"featured_media":11522,"template":"","meta":[],"product_brand":[],"product_cat":[123],"product_tag":[],"class_list":{"0":"post-12533","1":"product","2":"type-product","3":"status-publish","4":"has-post-thumbnail","6":"product_cat-knygu-spaustuvai","8":"first","9":"outofstock","10":"product-type-simple"},"_links":{"self":[{"href":"https:\/\/tavieta.lt\/ee\/wp-json\/wp\/v2\/product\/12533","targetHints":{"allow":["GET"]}}],"collection":[{"href":"https:\/\/tavieta.lt\/ee\/wp-json\/wp\/v2\/product"}],"about":[{"href":"https:\/\/tavieta.lt\/ee\/wp-json\/wp\/v2\/types\/product"}],"wp:featuredmedia":[{"embeddable":true,"href":"https:\/\/tavieta.lt\/ee\/wp-json\/wp\/v2\/media\/11522"}],"wp:attachment":[{"href":"https:\/\/tavieta.lt\/ee\/wp-json\/wp\/v2\/media?parent=12533"}],"wp:term":[{"taxonomy":"product_brand","embeddable":true,"href":"https:\/\/tavieta.lt\/ee\/wp-json\/wp\/v2\/product_brand?post=12533"},{"taxonomy":"product_cat","embeddable":true,"href":"https:\/\/tavieta.lt\/ee\/wp-json\/wp\/v2\/product_cat?post=12533"},{"taxonomy":"product_tag","embeddable":true,"href":"https:\/\/tavieta.lt\/ee\/wp-json\/wp\/v2\/product_tag?post=12533"}],"curies":[{"name":"t\u00f6\u00f6leht","href":"https:\/\/api.w.org\/{rel}","templated":true}]}}