{"id":12542,"date":"2024-02-07T08:34:36","date_gmt":"2024-02-07T08:34:36","guid":{"rendered":"http:\/\/tavieta.lt\/produktas\/knygu-vezimelis-crossrunner\/"},"modified":"2024-02-07T08:39:31","modified_gmt":"2024-02-07T08:39:31","slug":"knygu-vezimelis-crossrunner","status":"publish","type":"product","link":"https:\/\/tavieta.lt\/ee\/toode\/knygu-vezimelis-crossrunner\/","title":{"rendered":"Raamatuk\u00e4ru crossrunner"},"content":{"rendered":"<p>Ergonoomiline, lihtsalt kasutatav \u00fchepoolne 4 riiuliga raamatuk\u00e4ru. Suur ruum riiulite vahel, et mahutada suuremaid raamatuid. Jalutusk\u00e4ru on disainitud nii, et see mahub kergesti igas pikkuses inimestele.<\/p>\n<table width=\"879\">\n<tbody>\n<tr>\n<td style=\"text-align: center;\" width=\"116\">E4450<\/td>\n<td style=\"text-align: center;\" rowspan=\"2\" width=\"313\">Crossrunner raamatuk\u00e4ru<\/td>\n<td style=\"text-align: center;\" width=\"273\">punane<\/td>\n<td style=\"text-align: center;\" width=\"177\">1 tk<\/td>\n<\/tr>\n<tr>\n<td style=\"text-align: center;\">E4452<\/td>\n<td style=\"text-align: center;\">valge<\/td>\n<td style=\"text-align: center;\">1 tk<\/td>\n<\/tr>\n<\/tbody>\n<\/table>\n<div id=\"gtx-trans\" style=\"position: absolute; left: 79px; top: 37px;\">\n<div class=\"gtx-trans-icon\"><\/div>\n<\/div>","protected":false},"excerpt":{"rendered":"<p>K\u00e4ru raamatute jaoks crossrunner<\/p>","protected":false},"featured_media":11535,"template":"","meta":[],"product_brand":[],"product_cat":[107,108],"product_tag":[],"class_list":{"0":"post-12542","1":"product","2":"type-product","3":"status-publish","4":"has-post-thumbnail","6":"product_cat-baldai","7":"product_cat-vezimeliai-knygoms","9":"first","10":"outofstock","11":"product-type-simple"},"_links":{"self":[{"href":"https:\/\/tavieta.lt\/ee\/wp-json\/wp\/v2\/product\/12542","targetHints":{"allow":["GET"]}}],"collection":[{"href":"https:\/\/tavieta.lt\/ee\/wp-json\/wp\/v2\/product"}],"about":[{"href":"https:\/\/tavieta.lt\/ee\/wp-json\/wp\/v2\/types\/product"}],"wp:featuredmedia":[{"embeddable":true,"href":"https:\/\/tavieta.lt\/ee\/wp-json\/wp\/v2\/media\/11535"}],"wp:attachment":[{"href":"https:\/\/tavieta.lt\/ee\/wp-json\/wp\/v2\/media?parent=12542"}],"wp:term":[{"taxonomy":"product_brand","embeddable":true,"href":"https:\/\/tavieta.lt\/ee\/wp-json\/wp\/v2\/product_brand?post=12542"},{"taxonomy":"product_cat","embeddable":true,"href":"https:\/\/tavieta.lt\/ee\/wp-json\/wp\/v2\/product_cat?post=12542"},{"taxonomy":"product_tag","embeddable":true,"href":"https:\/\/tavieta.lt\/ee\/wp-json\/wp\/v2\/product_tag?post=12542"}],"curies":[{"name":"t\u00f6\u00f6leht","href":"https:\/\/api.w.org\/{rel}","templated":true}]}}