{"id":12547,"date":"2024-02-07T08:40:46","date_gmt":"2024-02-07T08:40:46","guid":{"rendered":"http:\/\/tavieta.lt\/produktas\/mobili-dezute-vaiku-bibliotekai-suniukas\/"},"modified":"2024-02-07T08:41:42","modified_gmt":"2024-02-07T08:41:42","slug":"mobili-dezute-vaiku-bibliotekai-suniukas","status":"publish","type":"product","link":"https:\/\/tavieta.lt\/ee\/toode\/mobili-dezute-vaiku-bibliotekai-suniukas\/","title":{"rendered":"Mobiiliboks lasteraamatukogule &quot;kutsikas&quot;"},"content":{"rendered":"<p>V\u00e4ike raamatukogu mobiilikast lasteraamatukokku. Tarne erinevates v\u00e4rvides vastavalt n\u00e4idisele. M\u00f5\u00f5dud 200 x 300 x 370 mm (s\u00fcgavus x laius x k\u00f5rgus).<\/p>\n<table width=\"879\">\n<tbody>\n<tr>\n<td style=\"text-align: center;\" width=\"116\">\n<table>\n<tbody>\n<tr>\n<td width=\"116\">94666<\/td>\n<\/tr>\n<\/tbody>\n<\/table>\n<\/td>\n<td style=\"text-align: center;\" width=\"313\">Mobiilikast raamatutele &quot;Kutsikas&quot;<\/td>\n<td style=\"text-align: center;\" width=\"273\">200 x 300 x 370 mm<\/td>\n<td style=\"text-align: center;\" width=\"177\">1 tk<\/td>\n<\/tr>\n<\/tbody>\n<\/table>\n<div id=\"gtx-trans\" style=\"position: absolute; left: 79px; top: 37px;\">\n<div class=\"gtx-trans-icon\"><\/div>\n<\/div>","protected":false},"excerpt":{"rendered":"<p>mobiilikasti kutsikas<\/p>","protected":false},"featured_media":11543,"template":"","meta":[],"product_brand":[],"product_cat":[107,122],"product_tag":[],"class_list":{"0":"post-12547","1":"product","2":"type-product","3":"status-publish","4":"has-post-thumbnail","6":"product_cat-baldai","7":"product_cat-baldai-vaiku-erdvei","9":"first","10":"outofstock","11":"product-type-simple"},"_links":{"self":[{"href":"https:\/\/tavieta.lt\/ee\/wp-json\/wp\/v2\/product\/12547","targetHints":{"allow":["GET"]}}],"collection":[{"href":"https:\/\/tavieta.lt\/ee\/wp-json\/wp\/v2\/product"}],"about":[{"href":"https:\/\/tavieta.lt\/ee\/wp-json\/wp\/v2\/types\/product"}],"wp:featuredmedia":[{"embeddable":true,"href":"https:\/\/tavieta.lt\/ee\/wp-json\/wp\/v2\/media\/11543"}],"wp:attachment":[{"href":"https:\/\/tavieta.lt\/ee\/wp-json\/wp\/v2\/media?parent=12547"}],"wp:term":[{"taxonomy":"product_brand","embeddable":true,"href":"https:\/\/tavieta.lt\/ee\/wp-json\/wp\/v2\/product_brand?post=12547"},{"taxonomy":"product_cat","embeddable":true,"href":"https:\/\/tavieta.lt\/ee\/wp-json\/wp\/v2\/product_cat?post=12547"},{"taxonomy":"product_tag","embeddable":true,"href":"https:\/\/tavieta.lt\/ee\/wp-json\/wp\/v2\/product_tag?post=12547"}],"curies":[{"name":"t\u00f6\u00f6leht","href":"https:\/\/api.w.org\/{rel}","templated":true}]}}