{"id":12548,"date":"2024-02-07T08:40:46","date_gmt":"2024-02-07T08:40:46","guid":{"rendered":"http:\/\/tavieta.lt\/produktas\/apvalios-pagalveles-sedejimui\/"},"modified":"2024-02-07T08:41:43","modified_gmt":"2024-02-07T08:41:43","slug":"apvalios-pagalveles-sedejimui","status":"publish","type":"product","link":"https:\/\/tavieta.lt\/ee\/toode\/apvalios-pagalveles-sedejimui\/","title":{"rendered":"\u00dcmmargused padjad istumiseks"},"content":{"rendered":"<p>Looge oma v\u00e4ikestele lugejatele mugav ja pehme iste. Lapsed v\u00f5tavad hea meelega kaasa oma padja, kus nad saavad lugemise ajal l\u00f5\u00f5gastuda. Padjad on disainitud nii, et neid saaks mugavalt virnastada ja v\u00f5taksid hoiustamisel v\u00f5imalikult v\u00e4he ruumi. Valmistatud pehmest vahust ning kaetud tulekindla ja puhastatava PVC-ga. M\u00f5\u00f5dud: 300 x 760 mm. Pakend: 12 tk. V\u00f5i 24 tk. + jalutusk\u00e4ru.<\/p>\n<table style=\"width: 87.6794%; height: 46px;\" width=\"879\">\n<tbody>\n<tr style=\"height: 23px;\">\n<td style=\"height: 23px; text-align: center;\" width=\"116\">GR94191<\/td>\n<td style=\"height: 46px; text-align: center;\" rowspan=\"2\" width=\"313\">\u00dcmmargused padjad istumiseks<\/td>\n<td style=\"height: 46px; text-align: center;\" rowspan=\"2\" width=\"273\">300 x 760 mm<\/td>\n<td style=\"height: 23px; text-align: center;\" width=\"177\">12 tk<\/td>\n<\/tr>\n<tr style=\"height: 23px;\">\n<td style=\"height: 23px; text-align: center;\">GR94192<\/td>\n<td style=\"height: 23px; text-align: center;\">24 tk<\/td>\n<\/tr>\n<\/tbody>\n<\/table>\n<div id=\"gtx-trans\" style=\"position: absolute; left: 79px; top: 37px;\">\n<div class=\"gtx-trans-icon\"><\/div>\n<\/div>","protected":false},"excerpt":{"rendered":"<p>\u00fcmmargused padjad istumiseks<\/p>","protected":false},"featured_media":11545,"template":"","meta":[],"product_brand":[],"product_cat":[107,122],"product_tag":[],"class_list":{"0":"post-12548","1":"product","2":"type-product","3":"status-publish","4":"has-post-thumbnail","6":"product_cat-baldai","7":"product_cat-baldai-vaiku-erdvei","9":"first","10":"outofstock","11":"product-type-simple"},"_links":{"self":[{"href":"https:\/\/tavieta.lt\/ee\/wp-json\/wp\/v2\/product\/12548","targetHints":{"allow":["GET"]}}],"collection":[{"href":"https:\/\/tavieta.lt\/ee\/wp-json\/wp\/v2\/product"}],"about":[{"href":"https:\/\/tavieta.lt\/ee\/wp-json\/wp\/v2\/types\/product"}],"wp:featuredmedia":[{"embeddable":true,"href":"https:\/\/tavieta.lt\/ee\/wp-json\/wp\/v2\/media\/11545"}],"wp:attachment":[{"href":"https:\/\/tavieta.lt\/ee\/wp-json\/wp\/v2\/media?parent=12548"}],"wp:term":[{"taxonomy":"product_brand","embeddable":true,"href":"https:\/\/tavieta.lt\/ee\/wp-json\/wp\/v2\/product_brand?post=12548"},{"taxonomy":"product_cat","embeddable":true,"href":"https:\/\/tavieta.lt\/ee\/wp-json\/wp\/v2\/product_cat?post=12548"},{"taxonomy":"product_tag","embeddable":true,"href":"https:\/\/tavieta.lt\/ee\/wp-json\/wp\/v2\/product_tag?post=12548"}],"curies":[{"name":"t\u00f6\u00f6leht","href":"https:\/\/api.w.org\/{rel}","templated":true}]}}