{"id":12551,"date":"2024-02-07T08:40:46","date_gmt":"2024-02-07T08:40:46","guid":{"rendered":"http:\/\/tavieta.lt\/produktas\/pjaustymo-lenteles-tiksliam-darbui\/"},"modified":"2025-01-30T13:01:12","modified_gmt":"2025-01-30T13:01:12","slug":"pjaustymo-lenteles-tiksliam-darbui","status":"publish","type":"product","link":"https:\/\/tavieta.lt\/ee\/toode\/pjaustymo-lenteles-tiksliam-darbui\/","title":{"rendered":"L\u00f5ikelauad t\u00e4pseks t\u00f6\u00f6ks"},"content":{"rendered":"<p>Kvaliteetsed OLFA l\u00f5ikelauad ohutuks t\u00f6\u00f6ks. Kahepoolne, eelprinditud ruudustiku ja mahuga t\u00f6\u00f6 h\u00f5lbustamiseks. Plaatide paksus on 1,5 mm v\u00f5i 3 mm.<\/p>\n<table width=\"879\">\n<tbody>\n<tr>\n<td width=\"116\">10563<\/td>\n<td width=\"313\">M\u00f5\u00f5terestiga p\u00f6\u00f6rdlaud, roheline<\/td>\n<td width=\"273\">90 x 60 cm, 1,5 mm<\/td>\n<td width=\"177\">1 tk<\/td>\n<\/tr>\n<tr>\n<td>10564<\/td>\n<td width=\"313\">M\u00f5\u00f5terestiga p\u00f6\u00f6rdlaud, roheline<\/td>\n<td>60 x 45 cm, 1,5 mm<\/td>\n<td>1 tk<\/td>\n<\/tr>\n<tr>\n<td>10670<\/td>\n<td width=\"313\">M\u00f5\u00f5terestiga p\u00f6\u00f6rdlaud, roheline<\/td>\n<td>45 x 30 cm, 1,5 mm<\/td>\n<td>1 tk<\/td>\n<\/tr>\n<tr>\n<td>10566<\/td>\n<td width=\"313\">M\u00f5\u00f5terestiga p\u00f6\u00f6rdlaud, roheline<\/td>\n<td>90 x 62 cm, 3 mm<\/td>\n<td>1 tk<\/td>\n<\/tr>\n<tr>\n<td>10567<\/td>\n<td width=\"313\">M\u00f5\u00f5terestiga p\u00f6\u00f6rdlaud, roheline<\/td>\n<td>62 x 45 cm, 3 mm<\/td>\n<td>1 tk<\/td>\n<\/tr>\n<tr>\n<td>10568<\/td>\n<td width=\"313\">M\u00f5\u00f5terestiga p\u00f6\u00f6rdlaud, roheline<\/td>\n<td>45 x 30 cm, 3 mm<\/td>\n<td>1 tk<\/td>\n<\/tr>\n<tr>\n<td>10569<\/td>\n<td width=\"313\">M\u00f5\u00f5terestiga p\u00f6\u00f6rdlaud, l\u00e4bipaistev<\/td>\n<td>62 x 45 cm, 3 mm<\/td>\n<td>1 tk<\/td>\n<\/tr>\n<tr>\n<td>40168<\/td>\n<td width=\"313\">P\u00f6\u00f6rdlaud ilma m\u00f5\u00f5teruudustikuta, roheline<\/td>\n<td>80 x 120 cm, 3 mm<\/td>\n<td>1 tk<\/td>\n<\/tr>\n<tr>\n<td>40169<\/td>\n<td width=\"313\">P\u00f6\u00f6rdlaud ilma m\u00f5\u00f5teruudustikuta, roheline<\/td>\n<td>100 x 150 cm, 3 mm<\/td>\n<td>1 tk<\/td>\n<\/tr>\n<tr>\n<td>40170<\/td>\n<td width=\"313\">P\u00f6\u00f6rdlaud ilma m\u00f5\u00f5teruudustikuta, roheline<\/td>\n<td>100 x 200 cm, 3 mm<\/td>\n<td>1 tk<\/td>\n<\/tr>\n<\/tbody>\n<\/table>\n<div id=\"gtx-trans\" style=\"position: absolute; left: 79px; top: 37px;\">\n<div class=\"gtx-trans-icon\"><\/div>\n<\/div>","protected":false},"excerpt":{"rendered":"<p>L\u00f5ikelaud<\/p>","protected":false},"featured_media":11549,"template":"","meta":[],"product_brand":[],"product_cat":[227],"product_tag":[],"class_list":{"0":"post-12551","1":"product","2":"type-product","3":"status-publish","4":"has-post-thumbnail","6":"product_cat-restauravimo-priemones","8":"first","9":"outofstock","10":"product-type-simple"},"_links":{"self":[{"href":"https:\/\/tavieta.lt\/ee\/wp-json\/wp\/v2\/product\/12551","targetHints":{"allow":["GET"]}}],"collection":[{"href":"https:\/\/tavieta.lt\/ee\/wp-json\/wp\/v2\/product"}],"about":[{"href":"https:\/\/tavieta.lt\/ee\/wp-json\/wp\/v2\/types\/product"}],"wp:featuredmedia":[{"embeddable":true,"href":"https:\/\/tavieta.lt\/ee\/wp-json\/wp\/v2\/media\/11549"}],"wp:attachment":[{"href":"https:\/\/tavieta.lt\/ee\/wp-json\/wp\/v2\/media?parent=12551"}],"wp:term":[{"taxonomy":"product_brand","embeddable":true,"href":"https:\/\/tavieta.lt\/ee\/wp-json\/wp\/v2\/product_brand?post=12551"},{"taxonomy":"product_cat","embeddable":true,"href":"https:\/\/tavieta.lt\/ee\/wp-json\/wp\/v2\/product_cat?post=12551"},{"taxonomy":"product_tag","embeddable":true,"href":"https:\/\/tavieta.lt\/ee\/wp-json\/wp\/v2\/product_tag?post=12551"}],"curies":[{"name":"t\u00f6\u00f6leht","href":"https:\/\/api.w.org\/{rel}","templated":true}]}}