{"id":12557,"date":"2024-02-07T08:48:41","date_gmt":"2024-02-07T08:48:41","guid":{"rendered":"http:\/\/tavieta.lt\/produktas\/japoniskas-popierius-lapais\/"},"modified":"2025-01-31T13:29:25","modified_gmt":"2025-01-31T13:29:25","slug":"japoniskas-popierius-lapais","status":"publish","type":"product","link":"https:\/\/tavieta.lt\/ee\/toode\/japoniskas-popierius-lapais\/","title":{"rendered":"Jaapani lehtpaber"},"content":{"rendered":"<p>&nbsp;<\/p>\n<table>\n<thead>\n<tr>\n<th>Materjali kood<\/th>\n<th>Pealkiri<\/th>\n<th>mobiiltelefon<\/th>\n<th>Kirjeldus<\/th>\n<th>Pakendamine<\/th>\n<\/tr>\n<\/thead>\n<tbody>\n<tr>\n<td>B825502<\/td>\n<td>Tengu Kashmir<\/td>\n<td>8,6<\/td>\n<td>lehed 48 x 94 cm<\/td>\n<td>1 leht \/ 200 lehte<\/td>\n<\/tr>\n<tr>\n<td>B825499<\/td>\n<td>Mino Tenguo<\/td>\n<td>9<\/td>\n<td>linad 48 x 100 cm<\/td>\n<td>1 leht<\/td>\n<\/tr>\n<tr>\n<td>B609140<\/td>\n<td>Manila<\/td>\n<td>9<\/td>\n<td>100% abaka, siid, linad 49 x 76 cm, pH neutraalne<\/td>\n<td>1 leht \/ 200 lehte<\/td>\n<\/tr>\n<tr>\n<td>B626101<\/td>\n<td>Langfaser (gampi)<\/td>\n<td>9<\/td>\n<td>100% Gampi paberilehed 49 x 76 cm<\/td>\n<td>1 leht \/ 200 lehte<\/td>\n<\/tr>\n<tr>\n<td>B825500<\/td>\n<td>Kashmir<\/td>\n<td>11<\/td>\n<td>lehed 48 x 94 cm<\/td>\n<td>1 leht \/ 200 lehte<\/td>\n<\/tr>\n<tr>\n<td>B825508<\/td>\n<td>Tenguo<\/td>\n<td>18<\/td>\n<td>lehed 46 x 69 cm<\/td>\n<td>1 leht \/ 200 lehte<\/td>\n<\/tr>\n<tr>\n<td>B825517<\/td>\n<td>Kawashahi<\/td>\n<td>35<\/td>\n<td>lehed 66 x 99 cm<\/td>\n<td>1 leht \/ 200 lehte<\/td>\n<\/tr>\n<tr>\n<td>B634670<\/td>\n<td>Shiohara<\/td>\n<td>40<\/td>\n<td>lehed 62 x 92 cm<\/td>\n<td>1 leht \/ 200 lehte<\/td>\n<\/tr>\n<tr>\n<td>RK-00<\/td>\n<td>Couse<\/td>\n<td>3,6<\/td>\n<td>lehed 100 x 100 cm, pH 7,3<\/td>\n<td>1 leht<\/td>\n<\/tr>\n<\/tbody>\n<\/table>\n<p>&nbsp;<\/p>\n<p>&nbsp;<\/p>","protected":false},"excerpt":{"rendered":"<p>Jaapani paber lehtedena. Restauraatorite poolt hinnatud k\u00f5rge kvaliteedi ja ainulaadsete omaduste poolest. See on valmistatud looduslikest kiududest nagu abaka v\u00f5i gampi, mis annavad paberile tugevuse ja vastupidavuse. See paber sobib ideaalselt puuduvate fragmentide, voodri ja muude restaureerimist\u00f6\u00f6de taastamiseks, kuna on \u00f5huke, kuid tugev ning neutraalse pH v\u00e4\u00e4rtusega, mis aitab s\u00e4ilitada restaureeritavate esemete autentsust.<\/p>\n<div id=\"gtx-trans\" style=\"position: absolute; left: 179px; top: 37.7361px;\">\n<div class=\"gtx-trans-icon\"><\/div>\n<\/div>","protected":false},"featured_media":11558,"template":"","meta":[],"product_brand":[],"product_cat":[131,218],"product_tag":[],"class_list":{"0":"post-12557","1":"product","2":"type-product","3":"status-publish","4":"has-post-thumbnail","6":"product_cat-japoniskas-popierius","7":"product_cat-populiariausi-produktai","9":"first","10":"outofstock","11":"product-type-simple"},"_links":{"self":[{"href":"https:\/\/tavieta.lt\/ee\/wp-json\/wp\/v2\/product\/12557","targetHints":{"allow":["GET"]}}],"collection":[{"href":"https:\/\/tavieta.lt\/ee\/wp-json\/wp\/v2\/product"}],"about":[{"href":"https:\/\/tavieta.lt\/ee\/wp-json\/wp\/v2\/types\/product"}],"wp:featuredmedia":[{"embeddable":true,"href":"https:\/\/tavieta.lt\/ee\/wp-json\/wp\/v2\/media\/11558"}],"wp:attachment":[{"href":"https:\/\/tavieta.lt\/ee\/wp-json\/wp\/v2\/media?parent=12557"}],"wp:term":[{"taxonomy":"product_brand","embeddable":true,"href":"https:\/\/tavieta.lt\/ee\/wp-json\/wp\/v2\/product_brand?post=12557"},{"taxonomy":"product_cat","embeddable":true,"href":"https:\/\/tavieta.lt\/ee\/wp-json\/wp\/v2\/product_cat?post=12557"},{"taxonomy":"product_tag","embeddable":true,"href":"https:\/\/tavieta.lt\/ee\/wp-json\/wp\/v2\/product_tag?post=12557"}],"curies":[{"name":"t\u00f6\u00f6leht","href":"https:\/\/api.w.org\/{rel}","templated":true}]}}