{"id":12559,"date":"2024-02-07T08:48:41","date_gmt":"2024-02-07T08:48:41","guid":{"rendered":"http:\/\/tavieta.lt\/produktas\/neutralaus-ph-silkinis-popierius\/"},"modified":"2025-01-31T13:34:41","modified_gmt":"2025-01-31T13:34:41","slug":"neutralaus-ph-silkinis-popierius","status":"publish","type":"product","link":"https:\/\/tavieta.lt\/ee\/toode\/neutralaus-ph-silkinis-popierius\/","title":{"rendered":"pH neutraalne pehme paber"},"content":{"rendered":"<p>pH neutraalne pehme paber<\/p>\n<table cellspacing=\"0\" cellpadding=\"0\">\n<tbody>\n<tr>\n<td style=\"text-align: center;\" valign=\"top\"><strong>Materjali kood<\/strong><\/td>\n<td style=\"text-align: center;\" valign=\"top\"><strong>Kirjeldus<\/strong><\/td>\n<td style=\"text-align: center;\" valign=\"top\"><strong>Pakendamine<\/strong><\/td>\n<\/tr>\n<tr>\n<td style=\"text-align: center;\" rowspan=\"2\" valign=\"top\">KL010182<\/td>\n<td style=\"text-align: center;\" rowspan=\"2\" valign=\"top\">Neutraalne pH neutraalne kangas, rull 130 cm<\/td>\n<td style=\"text-align: center;\" valign=\"top\">1 aasta<\/td>\n<\/tr>\n<tr>\n<td style=\"text-align: center;\" valign=\"top\">rull 500 m<\/td>\n<\/tr>\n<\/tbody>\n<\/table>","protected":false},"excerpt":{"rendered":"<p>Neutraalse pH-ga siidipaber ilma leeliselise tugevduseta, \u00fchepoolne, pH 7, happevaba ja toodetud ilma optilisi valgendeid kasutamata. Sobib \u00fcmbrispaberiks fotode ja akvarellmaalide arhiivihoidmiseks. Pehme paber l\u00e4bis ISO 18916 j\u00e4rgi fotograafilise aktiivsuse testi (PAT).<\/p>\n<div id=\"gtx-trans\" style=\"position: absolute; left: -47px; top: -9.04167px;\">\n<div class=\"gtx-trans-icon\"><\/div>\n<\/div>","protected":false},"featured_media":11562,"template":"","meta":[],"product_brand":[],"product_cat":[218,201],"product_tag":[],"class_list":{"0":"post-12559","1":"product","2":"type-product","3":"status-publish","4":"has-post-thumbnail","6":"product_cat-populiariausi-produktai","7":"product_cat-perdengimo-popierius","9":"first","10":"outofstock","11":"product-type-simple"},"_links":{"self":[{"href":"https:\/\/tavieta.lt\/ee\/wp-json\/wp\/v2\/product\/12559","targetHints":{"allow":["GET"]}}],"collection":[{"href":"https:\/\/tavieta.lt\/ee\/wp-json\/wp\/v2\/product"}],"about":[{"href":"https:\/\/tavieta.lt\/ee\/wp-json\/wp\/v2\/types\/product"}],"wp:featuredmedia":[{"embeddable":true,"href":"https:\/\/tavieta.lt\/ee\/wp-json\/wp\/v2\/media\/11562"}],"wp:attachment":[{"href":"https:\/\/tavieta.lt\/ee\/wp-json\/wp\/v2\/media?parent=12559"}],"wp:term":[{"taxonomy":"product_brand","embeddable":true,"href":"https:\/\/tavieta.lt\/ee\/wp-json\/wp\/v2\/product_brand?post=12559"},{"taxonomy":"product_cat","embeddable":true,"href":"https:\/\/tavieta.lt\/ee\/wp-json\/wp\/v2\/product_cat?post=12559"},{"taxonomy":"product_tag","embeddable":true,"href":"https:\/\/tavieta.lt\/ee\/wp-json\/wp\/v2\/product_tag?post=12559"}],"curies":[{"name":"t\u00f6\u00f6leht","href":"https:\/\/api.w.org\/{rel}","templated":true}]}}