{"id":12560,"date":"2024-02-07T08:48:41","date_gmt":"2024-02-07T08:48:41","guid":{"rendered":"http:\/\/tavieta.lt\/produktas\/pergamentinis-skaidrus-popierius\/"},"modified":"2025-01-31T13:36:30","modified_gmt":"2025-01-31T13:36:30","slug":"pergamentinis-skaidrus-popierius","status":"publish","type":"product","link":"https:\/\/tavieta.lt\/ee\/toode\/pergamentinis-skaidrus-popierius\/","title":{"rendered":"P\u00e4rgament l\u00e4bipaistev paber"},"content":{"rendered":"<p>&nbsp;<\/p>\n<table width=\"732\">\n<tbody>\n<tr>\n<td style=\"text-align: center;\" width=\"86\">PPN01<\/td>\n<td style=\"text-align: center;\" width=\"289\">L\u00e4bipaistev p\u00e4rgamentpaber ilma mustrita<\/td>\n<td style=\"text-align: center;\" width=\"357\">1 leht<\/td>\n<\/tr>\n<tr>\n<td style=\"text-align: center;\">PNS01<\/td>\n<td style=\"text-align: center;\" width=\"289\">\u00c4mblikuv\u00f5rgu mustriga l\u00e4bipaistev p\u00e4rgamentpaber<\/td>\n<td style=\"text-align: center;\">1 leht<\/td>\n<\/tr>\n<\/tbody>\n<\/table>\n<div id=\"gtx-trans\" style=\"position: absolute; left: 967px; top: 0.946758px;\">\n<div class=\"gtx-trans-icon\"><\/div>\n<\/div>","protected":false},"excerpt":{"rendered":"<p>P\u00e4rgament l\u00e4bipaistev paber, 40 g paber ilma mustriga v\u00f5i \u00e4mblikuv\u00f5rgu mustriga. Sobib fotode, dokumentide jms jaoks. suurus: 70 x 100 cm.<\/p>\n<div id=\"gtx-trans\" style=\"position: absolute; left: 367px; top: 37.7361px;\">\n<div class=\"gtx-trans-icon\"><\/div>\n<\/div>","protected":false},"featured_media":11564,"template":"","meta":[],"product_brand":[],"product_cat":[218,201],"product_tag":[],"class_list":{"0":"post-12560","1":"product","2":"type-product","3":"status-publish","4":"has-post-thumbnail","6":"product_cat-populiariausi-produktai","7":"product_cat-perdengimo-popierius","9":"first","10":"outofstock","11":"product-type-simple"},"_links":{"self":[{"href":"https:\/\/tavieta.lt\/ee\/wp-json\/wp\/v2\/product\/12560","targetHints":{"allow":["GET"]}}],"collection":[{"href":"https:\/\/tavieta.lt\/ee\/wp-json\/wp\/v2\/product"}],"about":[{"href":"https:\/\/tavieta.lt\/ee\/wp-json\/wp\/v2\/types\/product"}],"wp:featuredmedia":[{"embeddable":true,"href":"https:\/\/tavieta.lt\/ee\/wp-json\/wp\/v2\/media\/11564"}],"wp:attachment":[{"href":"https:\/\/tavieta.lt\/ee\/wp-json\/wp\/v2\/media?parent=12560"}],"wp:term":[{"taxonomy":"product_brand","embeddable":true,"href":"https:\/\/tavieta.lt\/ee\/wp-json\/wp\/v2\/product_brand?post=12560"},{"taxonomy":"product_cat","embeddable":true,"href":"https:\/\/tavieta.lt\/ee\/wp-json\/wp\/v2\/product_cat?post=12560"},{"taxonomy":"product_tag","embeddable":true,"href":"https:\/\/tavieta.lt\/ee\/wp-json\/wp\/v2\/product_tag?post=12560"}],"curies":[{"name":"t\u00f6\u00f6leht","href":"https:\/\/api.w.org\/{rel}","templated":true}]}}