{"id":12562,"date":"2024-02-07T08:48:49","date_gmt":"2024-02-07T08:48:49","guid":{"rendered":"http:\/\/tavieta.lt\/produktas\/archyvine-apsaugine-plevele-nuo-uv-spinduliu\/"},"modified":"2025-01-30T13:22:36","modified_gmt":"2025-01-30T13:22:36","slug":"archyvine-apsaugine-plevele-nuo-uv-spinduliu","status":"publish","type":"product","link":"https:\/\/tavieta.lt\/ee\/toode\/archyvine-apsaugine-plevele-nuo-uv-spinduliu\/","title":{"rendered":"Arhiivi kaitsekile UV-kiirte eest"},"content":{"rendered":"<p>Arhiivid, hoidlad v\u00f5i vitriinid. Foolium takistab UV-kiirte tungimist l\u00e4bi klaasi, UV-neelajad neelavad kiirgust kuni 99,5%. Meie UV-kiledel on kehtivad sertifikaadid ja katsetulemused on vajadusel saadaval. On l\u00e4bipaistvaid v\u00f5i toonitud kilesid, mis t\u00e4ites hoiu- v\u00f5i kaitsefunktsiooni takistavad klaasikildudel v\u00e4ljavalgumist v\u00f5i soovimatut tungimist hoonetesse. Kile on heaks kiidetud kasutamiseks lehtklaasil, arhiivides ja hoidlates. Kui vajate lisateavet, v\u00f5tke meiega \u00fchendust.<\/p>\n<table cellspacing=\"0\" cellpadding=\"0\">\n<tbody>\n<tr>\n<td style=\"text-align: center;\" valign=\"top\">\n<p><strong>Materjali kood<\/strong><\/p>\n<\/td>\n<td style=\"text-align: center;\" valign=\"top\">\n<p><strong>Kirjeldus<\/strong><\/p>\n<\/td>\n<td style=\"text-align: center;\" valign=\"top\">\n<p><strong>Pakendamine<\/strong><\/p>\n<\/td>\n<\/tr>\n<tr>\n<td style=\"text-align: center;\" valign=\"top\">\n<p>20218<\/p>\n<\/td>\n<td style=\"text-align: center;\" valign=\"top\">\n<p>Arhiivikaitsekile UV-kiirte eest, rull 152 cm x 1 m<\/p>\n<\/td>\n<td style=\"text-align: center;\" valign=\"top\">\n<p>meetrit<\/p>\n<\/td>\n<\/tr>\n<\/tbody>\n<\/table>\n<div id=\"gtx-trans\" style=\"position: absolute; left: 79px; top: 37px;\">\n<div class=\"gtx-trans-icon\"><\/div>\n<\/div>","protected":false},"excerpt":{"rendered":"<p>Arhiivi kaitsekile UV-kiirte eest<\/p>","protected":false},"featured_media":11568,"template":"","meta":[],"product_brand":[],"product_cat":[207],"product_tag":[],"class_list":{"0":"post-12562","1":"product","2":"type-product","3":"status-publish","4":"has-post-thumbnail","6":"product_cat-aplankalai","8":"first","9":"outofstock","10":"product-type-simple"},"_links":{"self":[{"href":"https:\/\/tavieta.lt\/ee\/wp-json\/wp\/v2\/product\/12562","targetHints":{"allow":["GET"]}}],"collection":[{"href":"https:\/\/tavieta.lt\/ee\/wp-json\/wp\/v2\/product"}],"about":[{"href":"https:\/\/tavieta.lt\/ee\/wp-json\/wp\/v2\/types\/product"}],"wp:featuredmedia":[{"embeddable":true,"href":"https:\/\/tavieta.lt\/ee\/wp-json\/wp\/v2\/media\/11568"}],"wp:attachment":[{"href":"https:\/\/tavieta.lt\/ee\/wp-json\/wp\/v2\/media?parent=12562"}],"wp:term":[{"taxonomy":"product_brand","embeddable":true,"href":"https:\/\/tavieta.lt\/ee\/wp-json\/wp\/v2\/product_brand?post=12562"},{"taxonomy":"product_cat","embeddable":true,"href":"https:\/\/tavieta.lt\/ee\/wp-json\/wp\/v2\/product_cat?post=12562"},{"taxonomy":"product_tag","embeddable":true,"href":"https:\/\/tavieta.lt\/ee\/wp-json\/wp\/v2\/product_tag?post=12562"}],"curies":[{"name":"t\u00f6\u00f6leht","href":"https:\/\/api.w.org\/{rel}","templated":true}]}}