{"id":12564,"date":"2024-02-07T08:48:49","date_gmt":"2024-02-07T08:48:49","guid":{"rendered":"http:\/\/tavieta.lt\/produktas\/archyvinai-sarminiai-kartono-lakstai\/"},"modified":"2025-01-30T12:58:54","modified_gmt":"2025-01-30T12:58:54","slug":"archyvinai-sarminiai-kartono-lakstai","status":"publish","type":"product","link":"https:\/\/tavieta.lt\/ee\/toode\/archyvinai-sarminiai-kartono-lakstai\/","title":{"rendered":"Arhiivi aluselised kartongilehed"},"content":{"rendered":"<p>Arhiivip\u00f5hised leeliselised kartongilehed, hallikassinine\/naturaalne valge pehme s\u00fcdamiku ja spetsiaalselt t\u00f6\u00f6deldud pealispinnaga, mustusekindel, h\u00f5\u00f5rdumiskindel. Tasakaalustatud pikisuunalised terasuunad ja suur hulk pikki kiude tagavad suurep\u00e4rased soone ja augu omadused. Ideaalne pappmaterjalina paksude arhiivikaustade ja -kastide valmistamiseks.<\/p>\n<table style=\"width: 59.5689%; height: 272px;\" cellspacing=\"0\" cellpadding=\"0\">\n<tbody>\n<tr style=\"height: 56px;\">\n<td style=\"width: 28.4274%; height: 56px; text-align: center;\" valign=\"top\">\n<p><strong>Materjali kood<\/strong><\/p>\n<\/td>\n<td style=\"width: 45.5645%; height: 56px; text-align: center;\" valign=\"top\">\n<p><strong>Kirjeldus<\/strong><\/p>\n<\/td>\n<td style=\"width: 11.4919%; height: 56px; text-align: center;\" valign=\"top\">\n<p><strong>Paksus<\/strong><\/p>\n<\/td>\n<td style=\"width: 81.25%; height: 56px; text-align: center;\" valign=\"top\">\n<p><strong>Pakendamine<\/strong><\/p>\n<\/td>\n<\/tr>\n<tr style=\"height: 216px;\">\n<td style=\"width: 28.4274%; height: 216px; text-align: center;\" valign=\"top\">\n<p>KL04799065<\/p>\n<p>KL04799090<\/p>\n<p>KL04799130<\/p>\n<p>KL04799150<\/p>\n<p>KL04799190<\/p>\n<\/td>\n<td style=\"width: 45.5645%; height: 216px; text-align: center;\" valign=\"top\">\n<p>Arhiiv leelisplaat, 5 50 g\/m 2<\/p>\n<p>Arhiiv leelisplaat, 670 g\/m2<\/p>\n<p>Arhiiv leelisplaat, 955 g\/m2<\/p>\n<p>Arhiiv leelisplaat, 1070 g\/m2<\/p>\n<p>Arhiiv leelisplaat, 1310 g\/m2<\/p>\n<\/td>\n<td style=\"width: 11.4919%; height: 216px; text-align: center;\" valign=\"top\">\n<p>0,7 mm<\/p>\n<p>0,9 mm<\/p>\n<p>1,3 mm<\/p>\n<p>1,5 mm<\/p>\n<p>1,9 mm<\/p>\n<\/td>\n<td style=\"width: 81.25%; height: 216px; text-align: center;\" valign=\"top\">\n<p>5 tk.<\/p>\n<p>5 tk.<\/p>\n<p>5 tk.<\/p>\n<p>5 tk.<\/p>\n<p>5 tk.<\/p>\n<\/td>\n<\/tr>\n<\/tbody>\n<\/table>\n<div id=\"gtx-trans\" style=\"position: absolute; left: 79px; top: 37px;\">\n<div class=\"gtx-trans-icon\"><\/div>\n<\/div>","protected":false},"excerpt":{"rendered":"<p>Arhiivi aluselised kartongilehed<\/p>","protected":false},"featured_media":11572,"template":"","meta":[],"product_brand":[],"product_cat":[228],"product_tag":[],"class_list":{"0":"post-12564","1":"product","2":"type-product","3":"status-publish","4":"has-post-thumbnail","6":"product_cat-nerugstinis-kartonas","8":"first","9":"outofstock","10":"product-type-simple"},"_links":{"self":[{"href":"https:\/\/tavieta.lt\/ee\/wp-json\/wp\/v2\/product\/12564","targetHints":{"allow":["GET"]}}],"collection":[{"href":"https:\/\/tavieta.lt\/ee\/wp-json\/wp\/v2\/product"}],"about":[{"href":"https:\/\/tavieta.lt\/ee\/wp-json\/wp\/v2\/types\/product"}],"wp:featuredmedia":[{"embeddable":true,"href":"https:\/\/tavieta.lt\/ee\/wp-json\/wp\/v2\/media\/11572"}],"wp:attachment":[{"href":"https:\/\/tavieta.lt\/ee\/wp-json\/wp\/v2\/media?parent=12564"}],"wp:term":[{"taxonomy":"product_brand","embeddable":true,"href":"https:\/\/tavieta.lt\/ee\/wp-json\/wp\/v2\/product_brand?post=12564"},{"taxonomy":"product_cat","embeddable":true,"href":"https:\/\/tavieta.lt\/ee\/wp-json\/wp\/v2\/product_cat?post=12564"},{"taxonomy":"product_tag","embeddable":true,"href":"https:\/\/tavieta.lt\/ee\/wp-json\/wp\/v2\/product_tag?post=12564"}],"curies":[{"name":"t\u00f6\u00f6leht","href":"https:\/\/api.w.org\/{rel}","templated":true}]}}