{"id":12565,"date":"2024-02-07T08:48:49","date_gmt":"2024-02-07T08:48:49","guid":{"rendered":"http:\/\/tavieta.lt\/produktas\/kartonas-risimui\/"},"modified":"2025-01-30T12:59:06","modified_gmt":"2025-01-30T12:59:06","slug":"kartonas-risimui","status":"publish","type":"product","link":"https:\/\/tavieta.lt\/ee\/toode\/kartonas-risimui\/","title":{"rendered":"Papp k\u00f6itmiseks"},"content":{"rendered":"<p>Papp k\u00f6itmiseks. Lahtised papilehed raamatuk\u00f6itmiseks. Paksused 1,5 mm ja 3 mm.\u00a0<\/p>\n<table class=\"alignleft\" style=\"width: 48.4853%;\" cellspacing=\"0\" cellpadding=\"0\">\n<tbody>\n<tr>\n<td style=\"width: 28.0392%; text-align: center;\" valign=\"top\">\n<p><strong>Materjali kood<\/strong><\/p>\n<\/td>\n<td style=\"width: 57.6471%; text-align: center;\" valign=\"top\">\n<p><strong>Lehe m\u00f5\u00f5tmed\u00a0<\/strong><\/p>\n<\/td>\n<td style=\"width: 44.7059%; text-align: center;\" valign=\"top\">\n<p><strong>Pakendamine<\/strong><\/p>\n<\/td>\n<\/tr>\n<tr>\n<td style=\"width: 28.0392%; text-align: center;\" valign=\"top\">\n<p>40179<\/p>\n<\/td>\n<td style=\"width: 57.6471%; text-align: center;\" valign=\"top\">\n<p>Papp k\u00f6itmiseks 1,5 mm, 700 x 1000 mm<\/p>\n<\/td>\n<td style=\"width: 44.7059%; text-align: center;\" valign=\"top\">\n<p>1 tk.<\/p>\n<\/td>\n<\/tr>\n<tr>\n<td style=\"width: 28.0392%; text-align: center;\" valign=\"top\">\n<p>40179a<\/p>\n<\/td>\n<td style=\"width: 57.6471%; text-align: center;\" valign=\"top\">\n<p>Papp k\u00f6itmiseks 3 mm, 700 x 1000 mm<\/p>\n<\/td>\n<td style=\"width: 44.7059%; text-align: center;\" valign=\"top\">\n<p>1 tk. \u00a0\u00a0<\/p>\n<\/td>\n<\/tr>\n<\/tbody>\n<\/table>\n<div id=\"gtx-trans\" style=\"position: absolute; left: 79px; top: 37px;\">\n<div class=\"gtx-trans-icon\"><\/div>\n<\/div>","protected":false},"excerpt":{"rendered":"<p>Papp k\u00f6itmiseks<\/p>","protected":false},"featured_media":11574,"template":"","meta":[],"product_brand":[],"product_cat":[228],"product_tag":[],"class_list":{"0":"post-12565","1":"product","2":"type-product","3":"status-publish","4":"has-post-thumbnail","6":"product_cat-nerugstinis-kartonas","8":"first","9":"outofstock","10":"product-type-simple"},"_links":{"self":[{"href":"https:\/\/tavieta.lt\/ee\/wp-json\/wp\/v2\/product\/12565","targetHints":{"allow":["GET"]}}],"collection":[{"href":"https:\/\/tavieta.lt\/ee\/wp-json\/wp\/v2\/product"}],"about":[{"href":"https:\/\/tavieta.lt\/ee\/wp-json\/wp\/v2\/types\/product"}],"wp:featuredmedia":[{"embeddable":true,"href":"https:\/\/tavieta.lt\/ee\/wp-json\/wp\/v2\/media\/11574"}],"wp:attachment":[{"href":"https:\/\/tavieta.lt\/ee\/wp-json\/wp\/v2\/media?parent=12565"}],"wp:term":[{"taxonomy":"product_brand","embeddable":true,"href":"https:\/\/tavieta.lt\/ee\/wp-json\/wp\/v2\/product_brand?post=12565"},{"taxonomy":"product_cat","embeddable":true,"href":"https:\/\/tavieta.lt\/ee\/wp-json\/wp\/v2\/product_cat?post=12565"},{"taxonomy":"product_tag","embeddable":true,"href":"https:\/\/tavieta.lt\/ee\/wp-json\/wp\/v2\/product_tag?post=12565"}],"curies":[{"name":"t\u00f6\u00f6leht","href":"https:\/\/api.w.org\/{rel}","templated":true}]}}