{"id":12567,"date":"2024-02-07T08:48:56","date_gmt":"2024-02-07T08:48:56","guid":{"rendered":"http:\/\/tavieta.lt\/produktas\/sarminis-kartonas-alphacell\/"},"modified":"2025-01-30T13:23:09","modified_gmt":"2025-01-30T13:23:09","slug":"sarminis-kartonas-alphacell","status":"publish","type":"product","link":"https:\/\/tavieta.lt\/ee\/toode\/sarminis-kartonas-alphacell\/","title":{"rendered":"Leeliseline papp AlphaCell"},"content":{"rendered":"<p>Leeliseline papp AlphaCell. AlphaCell leeliselised arhiivipaberilehed, standardpaksus 0,5 mm (350 g\/m2) v\u00f5i 2,0 mm (1505 g\/m2), m\u00f5\u00f5tmed 81 x 120 cm, pH 8,0, happekomponentide ja ligniinivaba, leelisereserviga, saadaval Antiik, Looduslikud ja valged v\u00e4rvid. Sobib plaadile, karbile, torule, kronsteinile jne.<\/p>\n<table style=\"width: 65.6202%;\" cellspacing=\"0\" cellpadding=\"0\">\n<tbody>\n<tr>\n<td style=\"width: 23.9865%; text-align: center;\" valign=\"top\">\n<p><strong>Materjali kood<\/strong><\/p>\n<\/td>\n<td style=\"width: 18.9189%; text-align: center;\" valign=\"top\">\n<p><strong>V\u00e4rv<\/strong><\/p>\n<\/td>\n<td style=\"width: 44.9324%; text-align: center;\" valign=\"top\">\n<p><strong>\u00a0 \u00a0 \u00a0 \u00a0 \u00a0 \u00a0 \u00a0 \u00a0 \u00a0 \u00a0 \u00a0 \u00a0 \u00a0 \u00a0 \u00a0 \u00a0 \u00a0 \u00a0 Kirjeldus<\/strong><\/p>\n<\/td>\n<td style=\"width: 65.0338%; text-align: center;\" valign=\"top\">\n<p><strong>Pakendamine<\/strong><\/p>\n<\/td>\n<\/tr>\n<tr>\n<td style=\"width: 23.9865%; text-align: center;\" valign=\"top\">\n<p>60020<\/p>\n<\/td>\n<td style=\"width: 18.9189%; text-align: center;\" valign=\"top\">\n<p>Antiik<\/p>\n<\/td>\n<td style=\"width: 44.9324%; text-align: center;\" valign=\"top\">\n<p>Leeliseline papp, 0,5 mm<\/p>\n<p>m\u00f5\u00f5dud 810 x 1200 mm<\/p>\n<\/td>\n<td style=\"width: 65.0338%; text-align: center;\" valign=\"top\">\n<p>5 tk.<\/p>\n<p>25 tk.<\/p>\n<p>70 tk.<\/p>\n<\/td>\n<\/tr>\n<tr>\n<td style=\"width: 23.9865%; text-align: center;\" valign=\"top\">\n<p>60147<\/p>\n<\/td>\n<td style=\"width: 18.9189%; text-align: center;\" valign=\"top\">\n<p>Antiik<\/p>\n<\/td>\n<td style=\"width: 44.9324%; text-align: center;\" valign=\"top\">\n<p>Leeliseline papp, 2 mm<\/p>\n<p>m\u00f5\u00f5dud 810 x 1200 mm<\/p>\n<\/td>\n<td style=\"width: 65.0338%; text-align: center;\" valign=\"top\">\n<p>5 tk.<\/p>\n<p>18 tk.<\/p>\n<p>90 tk.<\/p>\n<\/td>\n<\/tr>\n<tr>\n<td style=\"width: 23.9865%; text-align: center;\" valign=\"top\">\n<p>60020<\/p>\n<\/td>\n<td style=\"width: 18.9189%; text-align: center;\" valign=\"top\">\n<p>Loomulik<\/p>\n<\/td>\n<td style=\"width: 44.9324%; text-align: center;\" valign=\"top\">\n<p>Leeliseline papp, 0,5 mm<\/p>\n<p>m\u00f5\u00f5dud 810 x 1200 mm<\/p>\n<\/td>\n<td style=\"width: 65.0338%; text-align: center;\" valign=\"top\">\n<p>5 tk.<\/p>\n<p>25 tk.<\/p>\n<p>70 tk.<\/p>\n<\/td>\n<\/tr>\n<tr>\n<td style=\"width: 23.9865%; text-align: center;\" valign=\"top\">\n<p>60147<\/p>\n<\/td>\n<td style=\"width: 18.9189%; text-align: center;\" valign=\"top\">\n<p>Loomulik<\/p>\n<\/td>\n<td style=\"width: 44.9324%; text-align: center;\" valign=\"top\">\n<p>Leeliseline papp, 2 mm<\/p>\n<p>m\u00f5\u00f5dud 810 x 1200 mm<\/p>\n<\/td>\n<td style=\"width: 65.0338%; text-align: center;\" valign=\"top\">\n<p>5 tk.<\/p>\n<p>18 tk.<\/p>\n<p>90 tk.<\/p>\n<\/td>\n<\/tr>\n<tr>\n<td style=\"width: 23.9865%; text-align: center;\" valign=\"top\">\n<p>60020<\/p>\n<\/td>\n<td style=\"width: 18.9189%; text-align: center;\" valign=\"top\">\n<p>Valge<\/p>\n<\/td>\n<td style=\"width: 44.9324%; text-align: center;\" valign=\"top\">\n<p>Leeliseline papp, 0,5 mm<\/p>\n<p>m\u00f5\u00f5dud 810 x 1200 mm<\/p>\n<\/td>\n<td style=\"width: 65.0338%; text-align: center;\" valign=\"top\">\n<p>5 tk.<\/p>\n<p>25 tk.<\/p>\n<p>70 tk.<\/p>\n<\/td>\n<\/tr>\n<tr>\n<td style=\"width: 23.9865%; text-align: center;\" valign=\"top\">\n<p>60147<\/p>\n<\/td>\n<td style=\"width: 18.9189%; text-align: center;\" valign=\"top\">\n<p>Valge<\/p>\n<\/td>\n<td style=\"width: 44.9324%; text-align: center;\" valign=\"top\">\n<p>Leeliseline papp, 2 mm<\/p>\n<p>m\u00f5\u00f5dud 810 x 1200 mm<\/p>\n<\/td>\n<td style=\"width: 65.0338%; text-align: center;\" valign=\"top\">\n<p>5 tk.<\/p>\n<p>18 tk.<\/p>\n<p>90 tk.<\/p>\n<\/td>\n<\/tr>\n<tr>\n<td style=\"width: 23.9865%; text-align: center;\" valign=\"top\">\n<p>600206<\/p>\n<\/td>\n<td style=\"width: 18.9189%; text-align: center;\" valign=\"top\">\n<p>Elevandiluu<\/p>\n<\/td>\n<td style=\"width: 44.9324%; text-align: center;\" valign=\"top\">\n<p>Leeliseline papp, 0,5 mm<\/p>\n<p>m\u00f5\u00f5dud 810 x 1200 mm<\/p>\n<\/td>\n<td style=\"width: 65.0338%; text-align: center;\" valign=\"top\">\n<p>5 tk.<\/p>\n<p>25 tk.<\/p>\n<p>70 tk.<\/p>\n<\/td>\n<\/tr>\n<tr>\n<td style=\"width: 23.9865%; text-align: center;\" valign=\"top\">\n<p>600204<\/p>\n<\/td>\n<td style=\"width: 18.9189%; text-align: center;\" valign=\"top\">\n<p>Elevandiluu<\/p>\n<\/td>\n<td style=\"width: 44.9324%; text-align: center;\" valign=\"top\">\n<p>Leeliseline papp, 2 mm<\/p>\n<p>m\u00f5\u00f5dud 810 x 1200 mm<\/p>\n<\/td>\n<td style=\"width: 65.0338%; text-align: center;\" valign=\"top\">\n<p>5 tk.<\/p>\n<p>18 tk.<\/p>\n<p>90 tk.<\/p>\n<\/td>\n<\/tr>\n<\/tbody>\n<\/table>\n<div id=\"gtx-trans\" style=\"position: absolute; left: 79px; top: 37px;\">\n<div class=\"gtx-trans-icon\"><\/div>\n<\/div>","protected":false},"excerpt":{"rendered":"<p>Leeliseline papp AlphaCell<\/p>","protected":false},"featured_media":11578,"template":"","meta":[],"product_brand":[],"product_cat":[228],"product_tag":[],"class_list":{"0":"post-12567","1":"product","2":"type-product","3":"status-publish","4":"has-post-thumbnail","6":"product_cat-nerugstinis-kartonas","8":"first","9":"outofstock","10":"product-type-simple"},"_links":{"self":[{"href":"https:\/\/tavieta.lt\/ee\/wp-json\/wp\/v2\/product\/12567","targetHints":{"allow":["GET"]}}],"collection":[{"href":"https:\/\/tavieta.lt\/ee\/wp-json\/wp\/v2\/product"}],"about":[{"href":"https:\/\/tavieta.lt\/ee\/wp-json\/wp\/v2\/types\/product"}],"wp:featuredmedia":[{"embeddable":true,"href":"https:\/\/tavieta.lt\/ee\/wp-json\/wp\/v2\/media\/11578"}],"wp:attachment":[{"href":"https:\/\/tavieta.lt\/ee\/wp-json\/wp\/v2\/media?parent=12567"}],"wp:term":[{"taxonomy":"product_brand","embeddable":true,"href":"https:\/\/tavieta.lt\/ee\/wp-json\/wp\/v2\/product_brand?post=12567"},{"taxonomy":"product_cat","embeddable":true,"href":"https:\/\/tavieta.lt\/ee\/wp-json\/wp\/v2\/product_cat?post=12567"},{"taxonomy":"product_tag","embeddable":true,"href":"https:\/\/tavieta.lt\/ee\/wp-json\/wp\/v2\/product_tag?post=12567"}],"curies":[{"name":"t\u00f6\u00f6leht","href":"https:\/\/api.w.org\/{rel}","templated":true}]}}