{"id":12569,"date":"2024-02-07T08:48:56","date_gmt":"2024-02-07T08:48:56","guid":{"rendered":"http:\/\/tavieta.lt\/produktas\/dezutes-pergamentams\/"},"modified":"2025-01-30T12:58:10","modified_gmt":"2025-01-30T12:58:10","slug":"dezutes-pergamentams","status":"publish","type":"product","link":"https:\/\/tavieta.lt\/ee\/toode\/dezutes-pergamentams\/","title":{"rendered":"Karbid p\u00e4rgamentide jaoks"},"content":{"rendered":"<p>Karbid p\u00e4rgamentide jaoks. P\u00e4rgamendi hoidmiseks sobivad arhiivikarbid arhiivipapist (1,5 mm), lamineeritud arhiivipaberiga vastavalt ISO9706 (150 g\/m), sisekaanega 2 dokumendile arhiivikarbist (300 g\/m). 3 suurust.<\/p>\n<table cellspacing=\"0\" cellpadding=\"0\">\n<tbody>\n<tr>\n<td style=\"text-align: center;\" valign=\"top\">\n<p><strong>Materjali kood<\/strong><\/p>\n<\/td>\n<td style=\"text-align: center;\" valign=\"top\">\n<p><strong>Kirjeldus<\/strong><\/p>\n<\/td>\n<td style=\"text-align: center;\" valign=\"top\">\n<p><strong>Pakendamine<\/strong><\/p>\n<\/td>\n<\/tr>\n<tr>\n<td style=\"text-align: center;\" valign=\"top\">\n<p>15-0002<\/p>\n<\/td>\n<td style=\"text-align: center;\" valign=\"top\">\n<p>Arhiivikast bn.o1 -x2 50 x 400 x 35 mm<\/p>\n<\/td>\n<td style=\"text-align: center;\" valign=\"top\">\n<p>1 tk.<\/p>\n<\/td>\n<\/tr>\n<tr>\n<td style=\"text-align: center;\" valign=\"top\">\n<p>15-0001<\/p>\n<\/td>\n<td style=\"text-align: center;\" valign=\"top\">\n<p>Arhiivikarp bn.o2x- 400 x 500 x 35 mm<\/p>\n<\/td>\n<td style=\"text-align: center;\" valign=\"top\">\n<p>1 tk.<\/p>\n<\/td>\n<\/tr>\n<tr>\n<td style=\"text-align: center;\" valign=\"top\">\n<p>15-0003<\/p>\n<\/td>\n<td style=\"text-align: center;\" valign=\"top\">\n<p>Arhiivikarp bn.o3x- 600 x 800 x 35 mm<\/p>\n<\/td>\n<td style=\"text-align: center;\" valign=\"top\">\n<p>1 tk.<\/p>\n<\/td>\n<\/tr>\n<\/tbody>\n<\/table>\n<div id=\"gtx-trans\" style=\"position: absolute; left: 79px; top: 37px;\">\n<div class=\"gtx-trans-icon\"><\/div>\n<\/div>","protected":false},"excerpt":{"rendered":"<p>Karbid p\u00e4rgamentide jaoks<\/p>","protected":false},"featured_media":11582,"template":"","meta":[],"product_brand":[],"product_cat":[202,140],"product_tag":[],"class_list":{"0":"post-12569","1":"product","2":"type-product","3":"status-publish","4":"has-post-thumbnail","6":"product_cat-dezutes-saugojimui","7":"product_cat-archyvines-dezutes","9":"first","10":"outofstock","11":"product-type-simple"},"_links":{"self":[{"href":"https:\/\/tavieta.lt\/ee\/wp-json\/wp\/v2\/product\/12569","targetHints":{"allow":["GET"]}}],"collection":[{"href":"https:\/\/tavieta.lt\/ee\/wp-json\/wp\/v2\/product"}],"about":[{"href":"https:\/\/tavieta.lt\/ee\/wp-json\/wp\/v2\/types\/product"}],"wp:featuredmedia":[{"embeddable":true,"href":"https:\/\/tavieta.lt\/ee\/wp-json\/wp\/v2\/media\/11582"}],"wp:attachment":[{"href":"https:\/\/tavieta.lt\/ee\/wp-json\/wp\/v2\/media?parent=12569"}],"wp:term":[{"taxonomy":"product_brand","embeddable":true,"href":"https:\/\/tavieta.lt\/ee\/wp-json\/wp\/v2\/product_brand?post=12569"},{"taxonomy":"product_cat","embeddable":true,"href":"https:\/\/tavieta.lt\/ee\/wp-json\/wp\/v2\/product_cat?post=12569"},{"taxonomy":"product_tag","embeddable":true,"href":"https:\/\/tavieta.lt\/ee\/wp-json\/wp\/v2\/product_tag?post=12569"}],"curies":[{"name":"t\u00f6\u00f6leht","href":"https:\/\/api.w.org\/{rel}","templated":true}]}}