{"id":12573,"date":"2024-02-07T08:49:02","date_gmt":"2024-02-07T08:49:02","guid":{"rendered":"http:\/\/tavieta.lt\/produktas\/irisimo-zirkles-su-svirtimi\/"},"modified":"2025-01-30T13:15:41","modified_gmt":"2025-01-30T13:15:41","slug":"irisimo-zirkles-su-svirtimi","status":"publish","type":"product","link":"https:\/\/tavieta.lt\/ee\/toode\/irisimo-zirkles-su-svirtimi\/","title":{"rendered":"Kangiga k\u00f6itmisk\u00e4\u00e4rid"},"content":{"rendered":"<p>K\u00f6itmisk\u00e4\u00e4rid on m\u00f5eldud paberi, papi, fooliumi, l\u00f5uendi ning plaatide ja rullide l\u00f5ikamiseks. Need vastupidavad k\u00e4\u00e4rid on valmistatud terasest, muudetud pinnaga osadest ja lamineeritud \u00fclaosast. Spetsiaalse teraga kang on tasakaalustatud vastukaaluga. L\u00f5ikamine on v\u00e4ga t\u00e4pne ka k\u00f5ige v\u00e4iksemal l\u00f5ikepiirkonnal. Lukustatavad reguleeritavad t\u00f5kked tagavad korratavad l\u00f5iked ilma m\u00f5\u00f5tmistest k\u00f5rvalekaldumiseta.<\/p>\n<p>M\u00f5lema noa, nii mobiilse kui ka fikseeritud, asend on lahtiv\u00f5tmise ja lihvimise t\u00f5ttu reguleeritav. Viimistlus langeb tilguti mahutisse. Seadmele saab lisada lukuga lisahoidiku materjali l\u00f5ikamiseks kuni 1300 mm laiustest rullidest.<\/p>\n<p><strong>Tehnilised andmed:\u00a0<\/strong><\/p>\n<p>M\u00f5\u00f5dud: 2144 x 948 mm t\u00f6\u00f6ala 1385 x 790 mm\u00a0<\/p>\n<p>L\u00f5ikepikkus: 1300 mm Kaal 360 kg<\/p>\n<table cellspacing=\"0\" cellpadding=\"0\">\n<tbody>\n<tr>\n<td style=\"text-align: center;\" valign=\"top\">\n<p><strong>Materjali kood<\/strong><\/p>\n<\/td>\n<td style=\"text-align: center;\" valign=\"top\">\n<p><strong>Kirjeldus<\/strong><\/p>\n<\/td>\n<td style=\"text-align: center;\" valign=\"top\">\n<p><strong>Pakendamine<\/strong><\/p>\n<\/td>\n<\/tr>\n<tr>\n<td style=\"text-align: center;\" valign=\"top\">\n<p>60121<\/p>\n<\/td>\n<td style=\"text-align: center;\" valign=\"top\">\n<p>Kangiga k\u00f6itmisk\u00e4\u00e4rid - laius 130 cm<\/p>\n<\/td>\n<td style=\"text-align: center;\" valign=\"top\">\n<p>1 tk.<\/p>\n<\/td>\n<\/tr>\n<\/tbody>\n<\/table>\n<div id=\"gtx-trans\" style=\"position: absolute; left: 79px; top: 37px;\">\n<div class=\"gtx-trans-icon\"><\/div>\n<\/div>","protected":false},"excerpt":{"rendered":"<p>Kangiga k\u00f6itmisk\u00e4\u00e4rid<\/p>","protected":false},"featured_media":11590,"template":"","meta":[],"product_brand":[],"product_cat":[170],"product_tag":[],"class_list":{"0":"post-12573","1":"product","2":"type-product","3":"status-publish","4":"has-post-thumbnail","6":"product_cat-restauravimo-iranga","8":"first","9":"outofstock","10":"product-type-simple"},"_links":{"self":[{"href":"https:\/\/tavieta.lt\/ee\/wp-json\/wp\/v2\/product\/12573","targetHints":{"allow":["GET"]}}],"collection":[{"href":"https:\/\/tavieta.lt\/ee\/wp-json\/wp\/v2\/product"}],"about":[{"href":"https:\/\/tavieta.lt\/ee\/wp-json\/wp\/v2\/types\/product"}],"wp:featuredmedia":[{"embeddable":true,"href":"https:\/\/tavieta.lt\/ee\/wp-json\/wp\/v2\/media\/11590"}],"wp:attachment":[{"href":"https:\/\/tavieta.lt\/ee\/wp-json\/wp\/v2\/media?parent=12573"}],"wp:term":[{"taxonomy":"product_brand","embeddable":true,"href":"https:\/\/tavieta.lt\/ee\/wp-json\/wp\/v2\/product_brand?post=12573"},{"taxonomy":"product_cat","embeddable":true,"href":"https:\/\/tavieta.lt\/ee\/wp-json\/wp\/v2\/product_cat?post=12573"},{"taxonomy":"product_tag","embeddable":true,"href":"https:\/\/tavieta.lt\/ee\/wp-json\/wp\/v2\/product_tag?post=12573"}],"curies":[{"name":"t\u00f6\u00f6leht","href":"https:\/\/api.w.org\/{rel}","templated":true}]}}