{"id":12574,"date":"2024-02-07T08:49:02","date_gmt":"2024-02-07T08:49:02","guid":{"rendered":"http:\/\/tavieta.lt\/produktas\/medinis-siuvimo-remas\/"},"modified":"2025-01-30T13:15:41","modified_gmt":"2025-01-30T13:15:41","slug":"medinis-siuvimo-remas","status":"publish","type":"product","link":"https:\/\/tavieta.lt\/ee\/toode\/medinis-siuvimo-remas\/","title":{"rendered":"Puidust \u00f5mblusraam"},"content":{"rendered":"<p>Puidust \u00f5mblusraam.<\/p>\n<p>K\u00f5ik puidust \u00f5mblusraam, traditsiooniline disain, p\u00f6\u00f6gi puidukruvid, virsiku puidust p\u00e4hklid, kaasaegne peen. Tarnitakse lamedas pakendis. millest on lihtne kokku panna.\u00a0<\/p>\n<p>Tehnilised andmed: M\u00f5\u00f5dud: 38 x 80 cm, kruvide vahe: 63 cm<\/p>\n<table style=\"width: 57.3194%;\" cellspacing=\"0\" cellpadding=\"0\">\n<tbody>\n<tr>\n<td style=\"text-align: center; width: 37.3057%;\" valign=\"top\">\n<p><strong>Materjali kood<\/strong><\/p>\n<\/td>\n<td style=\"text-align: center; width: 43.7824%;\" valign=\"top\">\n<p><strong>Kirjeldus<\/strong><\/p>\n<\/td>\n<td style=\"text-align: center; width: 120.984%;\" valign=\"top\">\n<p><strong>Pakendamine<\/strong><\/p>\n<\/td>\n<\/tr>\n<tr>\n<td style=\"text-align: center; width: 37.3057%;\" valign=\"top\">\n<p>RT1926<\/p>\n<\/td>\n<td style=\"text-align: center; width: 43.7824%;\" valign=\"top\">\n<p>Puidust \u00f5mblusraam<\/p>\n<\/td>\n<td style=\"text-align: center; width: 120.984%;\" valign=\"top\">\n<p>1 tk.<\/p>\n<\/td>\n<\/tr>\n<\/tbody>\n<\/table>\n<div id=\"gtx-trans\" style=\"position: absolute; left: 79px; top: 37px;\">\n<div class=\"gtx-trans-icon\"><\/div>\n<\/div>","protected":false},"excerpt":{"rendered":"<p>Puidust \u00f5mblusraam<\/p>","protected":false},"featured_media":11592,"template":"","meta":[],"product_brand":[],"product_cat":[170],"product_tag":[],"class_list":{"0":"post-12574","1":"product","2":"type-product","3":"status-publish","4":"has-post-thumbnail","6":"product_cat-restauravimo-iranga","8":"first","9":"outofstock","10":"product-type-simple"},"_links":{"self":[{"href":"https:\/\/tavieta.lt\/ee\/wp-json\/wp\/v2\/product\/12574","targetHints":{"allow":["GET"]}}],"collection":[{"href":"https:\/\/tavieta.lt\/ee\/wp-json\/wp\/v2\/product"}],"about":[{"href":"https:\/\/tavieta.lt\/ee\/wp-json\/wp\/v2\/types\/product"}],"wp:featuredmedia":[{"embeddable":true,"href":"https:\/\/tavieta.lt\/ee\/wp-json\/wp\/v2\/media\/11592"}],"wp:attachment":[{"href":"https:\/\/tavieta.lt\/ee\/wp-json\/wp\/v2\/media?parent=12574"}],"wp:term":[{"taxonomy":"product_brand","embeddable":true,"href":"https:\/\/tavieta.lt\/ee\/wp-json\/wp\/v2\/product_brand?post=12574"},{"taxonomy":"product_cat","embeddable":true,"href":"https:\/\/tavieta.lt\/ee\/wp-json\/wp\/v2\/product_cat?post=12574"},{"taxonomy":"product_tag","embeddable":true,"href":"https:\/\/tavieta.lt\/ee\/wp-json\/wp\/v2\/product_tag?post=12574"}],"curies":[{"name":"t\u00f6\u00f6leht","href":"https:\/\/api.w.org\/{rel}","templated":true}]}}