{"id":12576,"date":"2024-02-07T08:49:08","date_gmt":"2024-02-07T08:49:08","guid":{"rendered":"http:\/\/tavieta.lt\/produktas\/muzieju-dulkiu-siurblys-muntz\/"},"modified":"2025-01-31T13:37:01","modified_gmt":"2025-01-31T13:37:01","slug":"muzieju-dulkiu-siurblys-muntz","status":"publish","type":"product","link":"https:\/\/tavieta.lt\/ee\/toode\/muzieju-dulkiu-siurblys-muntz\/","title":{"rendered":"Muuseumitolmuimeja Muntz"},"content":{"rendered":"<p>Muuseumitolmuimeja Muntz<\/p>\n<p>&nbsp;<\/p>\n<table cellspacing=\"0\" cellpadding=\"0\">\n<tbody>\n<tr>\n<td style=\"text-align: center;\" valign=\"top\"><strong>Materjali kood<\/strong><\/td>\n<td style=\"text-align: center;\" valign=\"top\"><strong>Kirjeldus<\/strong><\/td>\n<td style=\"text-align: center;\" valign=\"top\"><strong>Pakendamine<\/strong><\/td>\n<\/tr>\n<tr>\n<td style=\"text-align: center;\" valign=\"top\">M555<\/p>\n<p>PH-723<\/p>\n<p>PH-726<\/p>\n<p>PH-727<\/td>\n<td style=\"text-align: center;\" valign=\"top\">Tolmuimeja<\/p>\n<p>Varukotid<\/p>\n<p>Varu HEPA filter<\/p>\n<p>Varu HEPA s\u00f6efilter<\/td>\n<td style=\"text-align: center;\" valign=\"top\">1 tk.<\/p>\n<p>10 tk.<\/p>\n<p>1 tk.<\/p>\n<p>1 tk.<\/td>\n<\/tr>\n<\/tbody>\n<\/table>","protected":false},"excerpt":{"rendered":"<p>Muuseumitolmuimeja Muntz<\/p>\n<p>Ideaalne restaureerimist\u00f6\u00f6kodadesse, muuseumidesse, arhiividesse ja raamatukogudesse. Kompaktne ja kerge. sellel universaalsel tolmuimejal (pump ja puhur) on elektrooniline v\u00f5imsusregulaator 20 W kuni 1300 W.<\/p>\n<p>Sellel uuel seadmel on maksimaalne filtreerimiss\u00fcsteem koos HEPA-filtriga, mis p\u00fc\u00fcab kinni 99.97% 0,3 \u00b5 tolmuosakesed, hallitusseente eosed, bakterid ja lestad. HEPA-filtrit tuleks tavatingimustes vahetada igal aastal<\/p>\n<div id=\"gtx-trans\" style=\"position: absolute; left: 149px; top: 37.7361px;\">\n<div class=\"gtx-trans-icon\"><\/div>\n<\/div>","protected":false},"featured_media":11596,"template":"","meta":[],"product_brand":[],"product_cat":[170],"product_tag":[],"class_list":{"0":"post-12576","1":"product","2":"type-product","3":"status-publish","4":"has-post-thumbnail","6":"product_cat-restauravimo-iranga","8":"first","9":"outofstock","10":"product-type-simple"},"_links":{"self":[{"href":"https:\/\/tavieta.lt\/ee\/wp-json\/wp\/v2\/product\/12576","targetHints":{"allow":["GET"]}}],"collection":[{"href":"https:\/\/tavieta.lt\/ee\/wp-json\/wp\/v2\/product"}],"about":[{"href":"https:\/\/tavieta.lt\/ee\/wp-json\/wp\/v2\/types\/product"}],"wp:featuredmedia":[{"embeddable":true,"href":"https:\/\/tavieta.lt\/ee\/wp-json\/wp\/v2\/media\/11596"}],"wp:attachment":[{"href":"https:\/\/tavieta.lt\/ee\/wp-json\/wp\/v2\/media?parent=12576"}],"wp:term":[{"taxonomy":"product_brand","embeddable":true,"href":"https:\/\/tavieta.lt\/ee\/wp-json\/wp\/v2\/product_brand?post=12576"},{"taxonomy":"product_cat","embeddable":true,"href":"https:\/\/tavieta.lt\/ee\/wp-json\/wp\/v2\/product_cat?post=12576"},{"taxonomy":"product_tag","embeddable":true,"href":"https:\/\/tavieta.lt\/ee\/wp-json\/wp\/v2\/product_tag?post=12576"}],"curies":[{"name":"t\u00f6\u00f6leht","href":"https:\/\/api.w.org\/{rel}","templated":true}]}}