{"id":12580,"date":"2024-02-07T08:49:08","date_gmt":"2024-02-07T08:49:08","guid":{"rendered":"http:\/\/tavieta.lt\/produktas\/atverciama-dezute-ks-3\/"},"modified":"2024-02-07T08:49:11","modified_gmt":"2024-02-07T08:49:11","slug":"atverciama-dezute-ks-3","status":"publish","type":"product","link":"https:\/\/tavieta.lt\/ee\/toode\/atverciama-dezute-ks-3\/","title":{"rendered":"Hingedega kast KS 3"},"content":{"rendered":"<p>Hingedega kast KS 3<\/p>\n<p>Hermeetiliselt suletud kast, mis sobib raamatute, fotomaterjali ja igasuguste lahtiste ja lahtiste esemete hoidmiseks. Saadaval nii sisestuspiludega kui ka ilma ning t\u00e4iendava p\u00f5hjatugevdusega. K\u00f5ige populaarsem arhiivikarp.<\/p>\n<div id=\"gtx-trans\" style=\"position: absolute; left: 79px; top: 37px;\">\n<div class=\"gtx-trans-icon\"><\/div>\n<\/div>","protected":false},"excerpt":{"rendered":"<p>Hingedega kast KS 2<\/p>","protected":false},"featured_media":11602,"template":"","meta":[],"product_brand":[],"product_cat":[138],"product_tag":[],"class_list":{"0":"post-12580","1":"product","2":"type-product","3":"status-publish","4":"has-post-thumbnail","6":"product_cat-atverciamo-tipo-dezutes","8":"first","9":"outofstock","10":"product-type-simple"},"_links":{"self":[{"href":"https:\/\/tavieta.lt\/ee\/wp-json\/wp\/v2\/product\/12580","targetHints":{"allow":["GET"]}}],"collection":[{"href":"https:\/\/tavieta.lt\/ee\/wp-json\/wp\/v2\/product"}],"about":[{"href":"https:\/\/tavieta.lt\/ee\/wp-json\/wp\/v2\/types\/product"}],"wp:featuredmedia":[{"embeddable":true,"href":"https:\/\/tavieta.lt\/ee\/wp-json\/wp\/v2\/media\/11602"}],"wp:attachment":[{"href":"https:\/\/tavieta.lt\/ee\/wp-json\/wp\/v2\/media?parent=12580"}],"wp:term":[{"taxonomy":"product_brand","embeddable":true,"href":"https:\/\/tavieta.lt\/ee\/wp-json\/wp\/v2\/product_brand?post=12580"},{"taxonomy":"product_cat","embeddable":true,"href":"https:\/\/tavieta.lt\/ee\/wp-json\/wp\/v2\/product_cat?post=12580"},{"taxonomy":"product_tag","embeddable":true,"href":"https:\/\/tavieta.lt\/ee\/wp-json\/wp\/v2\/product_tag?post=12580"}],"curies":[{"name":"t\u00f6\u00f6leht","href":"https:\/\/api.w.org\/{rel}","templated":true}]}}