{"id":12581,"date":"2024-02-07T08:49:14","date_gmt":"2024-02-07T08:49:14","guid":{"rendered":"http:\/\/tavieta.lt\/produktas\/atverciama-dezute-ks-3-su-tvirtinimo-juostelemis\/"},"modified":"2024-02-07T08:49:14","modified_gmt":"2024-02-07T08:49:14","slug":"atverciama-dezute-ks-3-su-tvirtinimo-juostelemis","status":"publish","type":"product","link":"https:\/\/tavieta.lt\/ee\/toode\/atverciama-dezute-ks-3-su-tvirtinimo-juostelemis\/","title":{"rendered":"Hingedega kast KS 3 - kinnitusribadega"},"content":{"rendered":"<p>Hingedega kast KS 3 - kinnitusribadega<\/p>\n<p>KS 3 hermeetiliselt suletud karbikarp tekstiilist (pol\u00fcester) valmistatud kinnitusribadega. Ribasid saab kinnitada eraldi. Karp on valmistatud lainepapist, MW 1,7mm (680g\/m\u00b2) v\u00f5i MW 1,65mm (560g\/m\u00b2), karbi v\u00e4lisv\u00e4rv on hallikassinine, sisemine naturaalne valge. Ideaalne raamatute, failide\/kaustade, dokumentide ja kahem\u00f5\u00f5tmeliste objektide arhiivihoidmiseks. Muud karbi suurused n\u00f5udmisel.<\/p>\n<div id=\"gtx-trans\" style=\"position: absolute; left: 79px; top: 37px;\">\n<div class=\"gtx-trans-icon\"><\/div>\n<\/div>","protected":false},"excerpt":{"rendered":"<p>Hingedega kast KS 3 - kinnitusribadega<\/p>","protected":false},"featured_media":11604,"template":"","meta":[],"product_brand":[],"product_cat":[138],"product_tag":[],"class_list":{"0":"post-12581","1":"product","2":"type-product","3":"status-publish","4":"has-post-thumbnail","6":"product_cat-atverciamo-tipo-dezutes","8":"first","9":"outofstock","10":"product-type-simple"},"_links":{"self":[{"href":"https:\/\/tavieta.lt\/ee\/wp-json\/wp\/v2\/product\/12581","targetHints":{"allow":["GET"]}}],"collection":[{"href":"https:\/\/tavieta.lt\/ee\/wp-json\/wp\/v2\/product"}],"about":[{"href":"https:\/\/tavieta.lt\/ee\/wp-json\/wp\/v2\/types\/product"}],"wp:featuredmedia":[{"embeddable":true,"href":"https:\/\/tavieta.lt\/ee\/wp-json\/wp\/v2\/media\/11604"}],"wp:attachment":[{"href":"https:\/\/tavieta.lt\/ee\/wp-json\/wp\/v2\/media?parent=12581"}],"wp:term":[{"taxonomy":"product_brand","embeddable":true,"href":"https:\/\/tavieta.lt\/ee\/wp-json\/wp\/v2\/product_brand?post=12581"},{"taxonomy":"product_cat","embeddable":true,"href":"https:\/\/tavieta.lt\/ee\/wp-json\/wp\/v2\/product_cat?post=12581"},{"taxonomy":"product_tag","embeddable":true,"href":"https:\/\/tavieta.lt\/ee\/wp-json\/wp\/v2\/product_tag?post=12581"}],"curies":[{"name":"t\u00f6\u00f6leht","href":"https:\/\/api.w.org\/{rel}","templated":true}]}}