{"id":12583,"date":"2024-02-07T08:49:14","date_gmt":"2024-02-07T08:49:14","guid":{"rendered":"http:\/\/tavieta.lt\/produktas\/atverciama-dezute-ks-4\/"},"modified":"2024-02-07T08:49:15","modified_gmt":"2024-02-07T08:49:15","slug":"atverciama-dezute-ks-4","status":"publish","type":"product","link":"https:\/\/tavieta.lt\/ee\/toode\/atverciama-dezute-ks-4\/","title":{"rendered":"Hingedega kast KS 4"},"content":{"rendered":"<p>Hingedega kast KS 4<\/p>\n<p>Tihedalt suletud ja h\u00e4sti ehitatud karp, mis on spetsiaalselt loodud raamatute ja lahtiste asjade jaoks. T\u00e4ielikult kokkupandav konstruktsioon t\u00e4iesti siledate sise- ja v\u00e4lispindadega. Valmistatud materjalidest, mille kaal j\u00e4\u00e4b vahemikku ligikaudu 330 kuni 900 g\/m2.<\/p>\n<div id=\"gtx-trans\" style=\"position: absolute; left: 79px; top: 37px;\">\n<div class=\"gtx-trans-icon\"><\/div>\n<\/div>","protected":false},"excerpt":{"rendered":"<p>Hingedega kast KS 4<\/p>","protected":false},"featured_media":11608,"template":"","meta":[],"product_brand":[],"product_cat":[138],"product_tag":[],"class_list":{"0":"post-12583","1":"product","2":"type-product","3":"status-publish","4":"has-post-thumbnail","6":"product_cat-atverciamo-tipo-dezutes","8":"first","9":"outofstock","10":"product-type-simple"},"_links":{"self":[{"href":"https:\/\/tavieta.lt\/ee\/wp-json\/wp\/v2\/product\/12583","targetHints":{"allow":["GET"]}}],"collection":[{"href":"https:\/\/tavieta.lt\/ee\/wp-json\/wp\/v2\/product"}],"about":[{"href":"https:\/\/tavieta.lt\/ee\/wp-json\/wp\/v2\/types\/product"}],"wp:featuredmedia":[{"embeddable":true,"href":"https:\/\/tavieta.lt\/ee\/wp-json\/wp\/v2\/media\/11608"}],"wp:attachment":[{"href":"https:\/\/tavieta.lt\/ee\/wp-json\/wp\/v2\/media?parent=12583"}],"wp:term":[{"taxonomy":"product_brand","embeddable":true,"href":"https:\/\/tavieta.lt\/ee\/wp-json\/wp\/v2\/product_brand?post=12583"},{"taxonomy":"product_cat","embeddable":true,"href":"https:\/\/tavieta.lt\/ee\/wp-json\/wp\/v2\/product_cat?post=12583"},{"taxonomy":"product_tag","embeddable":true,"href":"https:\/\/tavieta.lt\/ee\/wp-json\/wp\/v2\/product_tag?post=12583"}],"curies":[{"name":"t\u00f6\u00f6leht","href":"https:\/\/api.w.org\/{rel}","templated":true}]}}