{"id":12586,"date":"2024-02-07T08:49:21","date_gmt":"2024-02-07T08:49:21","guid":{"rendered":"http:\/\/tavieta.lt\/produktas\/atverciama-dezute-ks-17-tvirtesniu-sieneliu\/"},"modified":"2024-02-07T08:49:21","modified_gmt":"2024-02-07T08:49:21","slug":"atverciama-dezute-ks-17-tvirtesniu-sieneliu","status":"publish","type":"product","link":"https:\/\/tavieta.lt\/ee\/toode\/atverciama-dezute-ks-17-tvirtesniu-sieneliu\/","title":{"rendered":"Hingedega kast KS 17 - tugevamad seinad"},"content":{"rendered":"<p>Atver\u010diama d\u0117\u017eut\u0117 KS 17 \u2013 tvirtesni\u0173 sieneli\u0173<\/p>\n<p>Tugev ja hermeetiliselt suletud kast raamatute, klaaspaneelide ja l\u00f5dvalt k\u00f6idetud esemete jaoks. Neljast k\u00fcljest suletud kast on neljaseinalise konstruktsiooniga. Piludeta disain sisaldab tugevuse suurendamiseks alustuge ja seljaklappe. Majanduslik hind. Tarne kokkupanduna ja vertikaalselt.<\/p>\n<p>\u00a0<\/p>\n<div id=\"gtx-trans\" style=\"position: absolute; left: 79px; top: 37px;\">\n<div class=\"gtx-trans-icon\"><\/div>\n<\/div>","protected":false},"excerpt":{"rendered":"<p>Hingedega kast KS 17 - tugevamad seinad<\/p>","protected":false},"featured_media":11614,"template":"","meta":[],"product_brand":[],"product_cat":[138],"product_tag":[],"class_list":{"0":"post-12586","1":"product","2":"type-product","3":"status-publish","4":"has-post-thumbnail","6":"product_cat-atverciamo-tipo-dezutes","8":"first","9":"outofstock","10":"product-type-simple"},"_links":{"self":[{"href":"https:\/\/tavieta.lt\/ee\/wp-json\/wp\/v2\/product\/12586","targetHints":{"allow":["GET"]}}],"collection":[{"href":"https:\/\/tavieta.lt\/ee\/wp-json\/wp\/v2\/product"}],"about":[{"href":"https:\/\/tavieta.lt\/ee\/wp-json\/wp\/v2\/types\/product"}],"wp:featuredmedia":[{"embeddable":true,"href":"https:\/\/tavieta.lt\/ee\/wp-json\/wp\/v2\/media\/11614"}],"wp:attachment":[{"href":"https:\/\/tavieta.lt\/ee\/wp-json\/wp\/v2\/media?parent=12586"}],"wp:term":[{"taxonomy":"product_brand","embeddable":true,"href":"https:\/\/tavieta.lt\/ee\/wp-json\/wp\/v2\/product_brand?post=12586"},{"taxonomy":"product_cat","embeddable":true,"href":"https:\/\/tavieta.lt\/ee\/wp-json\/wp\/v2\/product_cat?post=12586"},{"taxonomy":"product_tag","embeddable":true,"href":"https:\/\/tavieta.lt\/ee\/wp-json\/wp\/v2\/product_tag?post=12586"}],"curies":[{"name":"t\u00f6\u00f6leht","href":"https:\/\/api.w.org\/{rel}","templated":true}]}}