{"id":12588,"date":"2024-02-07T08:49:21","date_gmt":"2024-02-07T08:49:21","guid":{"rendered":"http:\/\/tavieta.lt\/produktas\/atverciama-dezute-ks-17-albertina\/"},"modified":"2024-02-07T08:49:22","modified_gmt":"2024-02-07T08:49:22","slug":"atverciama-dezute-ks-17-albertina","status":"publish","type":"product","link":"https:\/\/tavieta.lt\/ee\/toode\/atverciama-dezute-ks-17-albertina\/","title":{"rendered":"Hingedega kast KS 17 Albertina"},"content":{"rendered":"<p>Hingedega kast KS 17 Albertina<\/p>\n<p>Lisatugedega suletav kast \u2013 ideaalne graafikakollektsioonide jaoks. Siledad sise- ja v\u00e4lispinnad. Suletud karbil on topeltseinaline selgroog ja seinapaksus kuni kaheksa volti kolmest k\u00fcljest, et tagada maksimaalne stabiilsus. T\u00e4iendavad toed p\u00f5hjal ja kaanel annavad lisatugevust. Kuigi karp on t\u00e4iesti tolmukindel, on see siiski hingav. Tarnitakse kokkupanduna (vertikaalselt), kasutusvalmis.<\/p>\n<div id=\"gtx-trans\" style=\"position: absolute; left: 79px; top: 37px;\">\n<div class=\"gtx-trans-icon\"><\/div>\n<\/div>","protected":false},"excerpt":{"rendered":"<p>Hingedega kast KS 17 Albertina<\/p>","protected":false},"featured_media":11618,"template":"","meta":[],"product_brand":[],"product_cat":[138],"product_tag":[],"class_list":{"0":"post-12588","1":"product","2":"type-product","3":"status-publish","4":"has-post-thumbnail","6":"product_cat-atverciamo-tipo-dezutes","8":"first","9":"outofstock","10":"product-type-simple"},"_links":{"self":[{"href":"https:\/\/tavieta.lt\/ee\/wp-json\/wp\/v2\/product\/12588","targetHints":{"allow":["GET"]}}],"collection":[{"href":"https:\/\/tavieta.lt\/ee\/wp-json\/wp\/v2\/product"}],"about":[{"href":"https:\/\/tavieta.lt\/ee\/wp-json\/wp\/v2\/types\/product"}],"wp:featuredmedia":[{"embeddable":true,"href":"https:\/\/tavieta.lt\/ee\/wp-json\/wp\/v2\/media\/11618"}],"wp:attachment":[{"href":"https:\/\/tavieta.lt\/ee\/wp-json\/wp\/v2\/media?parent=12588"}],"wp:term":[{"taxonomy":"product_brand","embeddable":true,"href":"https:\/\/tavieta.lt\/ee\/wp-json\/wp\/v2\/product_brand?post=12588"},{"taxonomy":"product_cat","embeddable":true,"href":"https:\/\/tavieta.lt\/ee\/wp-json\/wp\/v2\/product_cat?post=12588"},{"taxonomy":"product_tag","embeddable":true,"href":"https:\/\/tavieta.lt\/ee\/wp-json\/wp\/v2\/product_tag?post=12588"}],"curies":[{"name":"t\u00f6\u00f6leht","href":"https:\/\/api.w.org\/{rel}","templated":true}]}}