{"id":12589,"date":"2024-02-07T08:49:21","date_gmt":"2024-02-07T08:49:21","guid":{"rendered":"http:\/\/tavieta.lt\/produktas\/atverciama-dezute-ks-18-premium\/"},"modified":"2024-02-07T08:49:23","modified_gmt":"2024-02-07T08:49:23","slug":"atverciama-dezute-ks-18-premium","status":"publish","type":"product","link":"https:\/\/tavieta.lt\/ee\/toode\/atverciama-dezute-ks-18-premium\/","title":{"rendered":"Hingedega kast KS 18 Premium"},"content":{"rendered":"<p>Hingedega kast KS 18 Premium<\/p>\n<p>Hermeetiliselt suletud, tippkvaliteediga kast. See klassikaline rippkarp, mis on valmistatud parimate k\u00f6itmistehnikate abil, on valmistatud tugevast s\u00e4ilitusplaadist ja t\u00e4iskangast voodriga. Erilist t\u00e4helepanu p\u00f6\u00f6rati vananemiskindlatele ja keskkonnas\u00f5bralikele (v\u00e4hem saastavatele) materjalidele. Tarne kokkupanduna ja vertikaalselt. N\u00e4ide on ainult viitamiseks. KS 18 premium kastid valmistatakse alati individuaalselt vastavalt kliendi spetsifikatsioonile.<\/p>\n<div id=\"gtx-trans\" style=\"position: absolute; left: 79px; top: 37px;\">\n<div class=\"gtx-trans-icon\"><\/div>\n<\/div>","protected":false},"excerpt":{"rendered":"<p>Hingedega kast KS 18 Premium<\/p>","protected":false},"featured_media":11620,"template":"","meta":[],"product_brand":[],"product_cat":[138],"product_tag":[],"class_list":{"0":"post-12589","1":"product","2":"type-product","3":"status-publish","4":"has-post-thumbnail","6":"product_cat-atverciamo-tipo-dezutes","8":"first","9":"outofstock","10":"product-type-simple"},"_links":{"self":[{"href":"https:\/\/tavieta.lt\/ee\/wp-json\/wp\/v2\/product\/12589","targetHints":{"allow":["GET"]}}],"collection":[{"href":"https:\/\/tavieta.lt\/ee\/wp-json\/wp\/v2\/product"}],"about":[{"href":"https:\/\/tavieta.lt\/ee\/wp-json\/wp\/v2\/types\/product"}],"wp:featuredmedia":[{"embeddable":true,"href":"https:\/\/tavieta.lt\/ee\/wp-json\/wp\/v2\/media\/11620"}],"wp:attachment":[{"href":"https:\/\/tavieta.lt\/ee\/wp-json\/wp\/v2\/media?parent=12589"}],"wp:term":[{"taxonomy":"product_brand","embeddable":true,"href":"https:\/\/tavieta.lt\/ee\/wp-json\/wp\/v2\/product_brand?post=12589"},{"taxonomy":"product_cat","embeddable":true,"href":"https:\/\/tavieta.lt\/ee\/wp-json\/wp\/v2\/product_cat?post=12589"},{"taxonomy":"product_tag","embeddable":true,"href":"https:\/\/tavieta.lt\/ee\/wp-json\/wp\/v2\/product_tag?post=12589"}],"curies":[{"name":"t\u00f6\u00f6leht","href":"https:\/\/api.w.org\/{rel}","templated":true}]}}