{"id":12591,"date":"2024-02-07T08:49:26","date_gmt":"2024-02-07T08:49:26","guid":{"rendered":"http:\/\/tavieta.lt\/produktas\/apgaubianti-dezute-ks-2\/"},"modified":"2024-03-29T09:31:49","modified_gmt":"2024-03-29T09:31:49","slug":"apgaubianti-dezute-ks-2","status":"publish","type":"product","link":"https:\/\/tavieta.lt\/ee\/toode\/apgaubianti-dezute-ks-2\/","title":{"rendered":"\u00dcmbriskarp KS 2"},"content":{"rendered":"<p>\u00dcmbriskarp KS 2<\/p>\n<p>Tihedalt suletud kaustat\u00fc\u00fcpi, kokkurullitav karp, sobib eriti h\u00e4sti rasketele raamatutele. Karbi sisepinnad on siledad ning kahekordse seinaga konstruktsioon saavutab t\u00e4iendava stabiilsuse.<\/p>\n<div id=\"gtx-trans\" style=\"position: absolute; left: 79px; top: 37px;\">\n<div class=\"gtx-trans-icon\"><\/div>\n<\/div>","protected":false},"excerpt":{"rendered":"<p>\u00dcmbriskarp KS 2<\/p>","protected":false},"featured_media":11624,"template":"","meta":[],"product_brand":[],"product_cat":[202],"product_tag":[],"class_list":{"0":"post-12591","1":"product","2":"type-product","3":"status-publish","4":"has-post-thumbnail","6":"product_cat-dezutes-saugojimui","8":"first","9":"outofstock","10":"product-type-simple"},"_links":{"self":[{"href":"https:\/\/tavieta.lt\/ee\/wp-json\/wp\/v2\/product\/12591","targetHints":{"allow":["GET"]}}],"collection":[{"href":"https:\/\/tavieta.lt\/ee\/wp-json\/wp\/v2\/product"}],"about":[{"href":"https:\/\/tavieta.lt\/ee\/wp-json\/wp\/v2\/types\/product"}],"wp:featuredmedia":[{"embeddable":true,"href":"https:\/\/tavieta.lt\/ee\/wp-json\/wp\/v2\/media\/11624"}],"wp:attachment":[{"href":"https:\/\/tavieta.lt\/ee\/wp-json\/wp\/v2\/media?parent=12591"}],"wp:term":[{"taxonomy":"product_brand","embeddable":true,"href":"https:\/\/tavieta.lt\/ee\/wp-json\/wp\/v2\/product_brand?post=12591"},{"taxonomy":"product_cat","embeddable":true,"href":"https:\/\/tavieta.lt\/ee\/wp-json\/wp\/v2\/product_cat?post=12591"},{"taxonomy":"product_tag","embeddable":true,"href":"https:\/\/tavieta.lt\/ee\/wp-json\/wp\/v2\/product_tag?post=12591"}],"curies":[{"name":"t\u00f6\u00f6leht","href":"https:\/\/api.w.org\/{rel}","templated":true}]}}