{"id":12595,"date":"2024-02-07T08:49:26","date_gmt":"2024-02-07T08:49:26","guid":{"rendered":"http:\/\/tavieta.lt\/produktas\/archyvine-dezute-ks-14\/"},"modified":"2025-01-31T13:16:36","modified_gmt":"2025-01-31T13:16:36","slug":"archyvine-dezute-ks-14","status":"publish","type":"product","link":"https:\/\/tavieta.lt\/ee\/toode\/archyvine-dezute-ks-14\/","title":{"rendered":"Arhiivikast KS 14"},"content":{"rendered":"<p>Arhiivikast KS 14<\/p>\n<p>Arhiivikast laienduskaustade, klaasplaatide, lahtiste ja sidumata kogude, ajakirjade ja bro\u0161\u00fc\u00fcride vertikaalseks hoidmiseks. Siledad sisepinnad. Soovi korral saadaval s\u00f5rmeaugu, p\u00fcstiste tugede ja esiklapiga.<\/p>","protected":false},"excerpt":{"rendered":"<p>Arhiivikast laienduskaustade, klaasplaatide, lahtiste ja sidumata kogude, ajakirjade ja bro\u0161\u00fc\u00fcride vertikaalseks hoidmiseks. Siledad sisepinnad. Soovi korral saadaval s\u00f5rmeaugu, p\u00fcstiste tugede ja esiklapiga.<\/p>","protected":false},"featured_media":11632,"template":"","meta":[],"product_brand":[],"product_cat":[218,140],"product_tag":[],"class_list":{"0":"post-12595","1":"product","2":"type-product","3":"status-publish","4":"has-post-thumbnail","6":"product_cat-populiariausi-produktai","7":"product_cat-archyvines-dezutes","9":"first","10":"outofstock","11":"product-type-simple"},"_links":{"self":[{"href":"https:\/\/tavieta.lt\/ee\/wp-json\/wp\/v2\/product\/12595","targetHints":{"allow":["GET"]}}],"collection":[{"href":"https:\/\/tavieta.lt\/ee\/wp-json\/wp\/v2\/product"}],"about":[{"href":"https:\/\/tavieta.lt\/ee\/wp-json\/wp\/v2\/types\/product"}],"wp:featuredmedia":[{"embeddable":true,"href":"https:\/\/tavieta.lt\/ee\/wp-json\/wp\/v2\/media\/11632"}],"wp:attachment":[{"href":"https:\/\/tavieta.lt\/ee\/wp-json\/wp\/v2\/media?parent=12595"}],"wp:term":[{"taxonomy":"product_brand","embeddable":true,"href":"https:\/\/tavieta.lt\/ee\/wp-json\/wp\/v2\/product_brand?post=12595"},{"taxonomy":"product_cat","embeddable":true,"href":"https:\/\/tavieta.lt\/ee\/wp-json\/wp\/v2\/product_cat?post=12595"},{"taxonomy":"product_tag","embeddable":true,"href":"https:\/\/tavieta.lt\/ee\/wp-json\/wp\/v2\/product_tag?post=12595"}],"curies":[{"name":"t\u00f6\u00f6leht","href":"https:\/\/api.w.org\/{rel}","templated":true}]}}