{"id":12597,"date":"2024-02-07T08:49:32","date_gmt":"2024-02-07T08:49:32","guid":{"rendered":"http:\/\/tavieta.lt\/produktas\/archyvine-dezute-ks-14-norway\/"},"modified":"2024-02-07T08:49:33","modified_gmt":"2024-02-07T08:49:33","slug":"archyvine-dezute-ks-14-norway","status":"publish","type":"product","link":"https:\/\/tavieta.lt\/ee\/toode\/archyvine-dezute-ks-14-norway\/","title":{"rendered":"Arhiivikast KS 14 Norra"},"content":{"rendered":"<p>Arhiivikast KS 14 Norra<\/p>\n<p>Arhiivikast laienduskaustade, klaasplaatide, lahtiste ja sidumata kogude, ajakirjade ja bro\u0161\u00fc\u00fcride vertikaalseks hoidmiseks. Siledad sisepinnad. \u00dches t\u00fckis arhiivikarbil on tugevuse suurendamiseks alustugi ja v\u00e4iksemal k\u00fcljel t\u00f5mberihm. Karbi ava on vasakul ja k\u00fcljes olev kaas sulgub kl\u00f5psmehhanismiga.<\/p>\n<div id=\"gtx-trans\" style=\"position: absolute; left: 79px; top: 37px;\">\n<div class=\"gtx-trans-icon\"><\/div>\n<\/div>","protected":false},"excerpt":{"rendered":"<p>Arhiivikast KS 14 Norra<\/p>","protected":false},"featured_media":11636,"template":"","meta":[],"product_brand":[],"product_cat":[140],"product_tag":[],"class_list":{"0":"post-12597","1":"product","2":"type-product","3":"status-publish","4":"has-post-thumbnail","6":"product_cat-archyvines-dezutes","8":"first","9":"outofstock","10":"product-type-simple"},"_links":{"self":[{"href":"https:\/\/tavieta.lt\/ee\/wp-json\/wp\/v2\/product\/12597","targetHints":{"allow":["GET"]}}],"collection":[{"href":"https:\/\/tavieta.lt\/ee\/wp-json\/wp\/v2\/product"}],"about":[{"href":"https:\/\/tavieta.lt\/ee\/wp-json\/wp\/v2\/types\/product"}],"wp:featuredmedia":[{"embeddable":true,"href":"https:\/\/tavieta.lt\/ee\/wp-json\/wp\/v2\/media\/11636"}],"wp:attachment":[{"href":"https:\/\/tavieta.lt\/ee\/wp-json\/wp\/v2\/media?parent=12597"}],"wp:term":[{"taxonomy":"product_brand","embeddable":true,"href":"https:\/\/tavieta.lt\/ee\/wp-json\/wp\/v2\/product_brand?post=12597"},{"taxonomy":"product_cat","embeddable":true,"href":"https:\/\/tavieta.lt\/ee\/wp-json\/wp\/v2\/product_cat?post=12597"},{"taxonomy":"product_tag","embeddable":true,"href":"https:\/\/tavieta.lt\/ee\/wp-json\/wp\/v2\/product_tag?post=12597"}],"curies":[{"name":"t\u00f6\u00f6leht","href":"https:\/\/api.w.org\/{rel}","templated":true}]}}