{"id":12598,"date":"2024-02-07T08:49:32","date_gmt":"2024-02-07T08:49:32","guid":{"rendered":"http:\/\/tavieta.lt\/produktas\/archyvine-dezute-ks-15-su-skyriais\/"},"modified":"2024-02-07T08:49:33","modified_gmt":"2024-02-07T08:49:33","slug":"archyvine-dezute-ks-15-su-skyriais","status":"publish","type":"product","link":"https:\/\/tavieta.lt\/ee\/toode\/archyvine-dezute-ks-15-su-skyriais\/","title":{"rendered":"Arhiivikast KS 15 - lahtritega"},"content":{"rendered":"<p>Arhiivikast KS 15 - lahtritega<\/p>\n<p>Kaheosaline arhiivikarp, mis koosneb esiosast ja sisemisest v\u00e4ljat\u00f5mmatavast karbist postkaartide, tr\u00fckiste ja klaasplaatide vertikaalseks hoidmiseks. Fikseeritud vaheseinad sektsioonide vahel hoiavad esemed p\u00fcsti, isegi kui sisemine kast pole t\u00e4ielikult t\u00e4idetud. Korpus toimib riiulil kohahoidjana.<\/p>\n<div id=\"gtx-trans\" style=\"position: absolute; left: 79px; top: 37px;\">\n<div class=\"gtx-trans-icon\"><\/div>\n<\/div>","protected":false},"excerpt":{"rendered":"<p>Arhiivikast KS 15 - lahtritega<\/p>","protected":false},"featured_media":11638,"template":"","meta":[],"product_brand":[],"product_cat":[140],"product_tag":[],"class_list":{"0":"post-12598","1":"product","2":"type-product","3":"status-publish","4":"has-post-thumbnail","6":"product_cat-archyvines-dezutes","8":"first","9":"outofstock","10":"product-type-simple"},"_links":{"self":[{"href":"https:\/\/tavieta.lt\/ee\/wp-json\/wp\/v2\/product\/12598","targetHints":{"allow":["GET"]}}],"collection":[{"href":"https:\/\/tavieta.lt\/ee\/wp-json\/wp\/v2\/product"}],"about":[{"href":"https:\/\/tavieta.lt\/ee\/wp-json\/wp\/v2\/types\/product"}],"wp:featuredmedia":[{"embeddable":true,"href":"https:\/\/tavieta.lt\/ee\/wp-json\/wp\/v2\/media\/11638"}],"wp:attachment":[{"href":"https:\/\/tavieta.lt\/ee\/wp-json\/wp\/v2\/media?parent=12598"}],"wp:term":[{"taxonomy":"product_brand","embeddable":true,"href":"https:\/\/tavieta.lt\/ee\/wp-json\/wp\/v2\/product_brand?post=12598"},{"taxonomy":"product_cat","embeddable":true,"href":"https:\/\/tavieta.lt\/ee\/wp-json\/wp\/v2\/product_cat?post=12598"},{"taxonomy":"product_tag","embeddable":true,"href":"https:\/\/tavieta.lt\/ee\/wp-json\/wp\/v2\/product_tag?post=12598"}],"curies":[{"name":"t\u00f6\u00f6leht","href":"https:\/\/api.w.org\/{rel}","templated":true}]}}