{"id":12599,"date":"2024-02-07T08:49:32","date_gmt":"2024-02-07T08:49:32","guid":{"rendered":"http:\/\/tavieta.lt\/produktas\/archyvine-dezute-ks-15-su-plysiniu-ideklu\/"},"modified":"2024-02-07T08:49:34","modified_gmt":"2024-02-07T08:49:34","slug":"archyvine-dezute-ks-15-su-plysiniu-ideklu","status":"publish","type":"product","link":"https:\/\/tavieta.lt\/ee\/toode\/archyvine-dezute-ks-15-su-plysiniu-ideklu\/","title":{"rendered":"Arhiivikast KS 15 - piluga siset\u00fckiga"},"content":{"rendered":"<p>Arhiivikast KS 15 - piluga siset\u00fckiga<\/p>\n<p>Kaheosaline arhiivikast, mis koosneb esiosast ja sisemisest v\u00e4ljat\u00f5mmatavast karbist, mis on m\u00f5eldud hoidma vertikaalselt ja \u00f5rnalt kuni k\u00fcmmet klaasplaati. Diagonaalne siset\u00fckk kaitseb surve eest, mis on p\u00f5hjustatud plaadi kontaktist. Korpus toimib riiulil kohahoidjana.<\/p>\n<div id=\"gtx-trans\" style=\"position: absolute; left: 79px; top: 37px;\">\n<div class=\"gtx-trans-icon\"><\/div>\n<\/div>","protected":false},"excerpt":{"rendered":"<p>Arhiivikast KS 15 - piluga siset\u00fckiga<\/p>","protected":false},"featured_media":11640,"template":"","meta":[],"product_brand":[],"product_cat":[140],"product_tag":[],"class_list":{"0":"post-12599","1":"product","2":"type-product","3":"status-publish","4":"has-post-thumbnail","6":"product_cat-archyvines-dezutes","8":"first","9":"outofstock","10":"product-type-simple"},"_links":{"self":[{"href":"https:\/\/tavieta.lt\/ee\/wp-json\/wp\/v2\/product\/12599","targetHints":{"allow":["GET"]}}],"collection":[{"href":"https:\/\/tavieta.lt\/ee\/wp-json\/wp\/v2\/product"}],"about":[{"href":"https:\/\/tavieta.lt\/ee\/wp-json\/wp\/v2\/types\/product"}],"wp:featuredmedia":[{"embeddable":true,"href":"https:\/\/tavieta.lt\/ee\/wp-json\/wp\/v2\/media\/11640"}],"wp:attachment":[{"href":"https:\/\/tavieta.lt\/ee\/wp-json\/wp\/v2\/media?parent=12599"}],"wp:term":[{"taxonomy":"product_brand","embeddable":true,"href":"https:\/\/tavieta.lt\/ee\/wp-json\/wp\/v2\/product_brand?post=12599"},{"taxonomy":"product_cat","embeddable":true,"href":"https:\/\/tavieta.lt\/ee\/wp-json\/wp\/v2\/product_cat?post=12599"},{"taxonomy":"product_tag","embeddable":true,"href":"https:\/\/tavieta.lt\/ee\/wp-json\/wp\/v2\/product_tag?post=12599"}],"curies":[{"name":"t\u00f6\u00f6leht","href":"https:\/\/api.w.org\/{rel}","templated":true}]}}