{"id":12600,"date":"2024-02-07T08:49:32","date_gmt":"2024-02-07T08:49:32","guid":{"rendered":"http:\/\/tavieta.lt\/produktas\/archyvine-dezute-ks-16-su-tubos-ideklu\/"},"modified":"2024-02-07T08:49:34","modified_gmt":"2024-02-07T08:49:34","slug":"archyvine-dezute-ks-16-su-tubos-ideklu","status":"publish","type":"product","link":"https:\/\/tavieta.lt\/ee\/toode\/archyvine-dezute-ks-16-su-tubos-ideklu\/","title":{"rendered":"Arhiivikast KS 16 - tuuba vahet\u00fckiga"},"content":{"rendered":"<p>Arhiivikast KS 16 - tuuba vahet\u00fckiga<\/p>\n<p>Rullkastid sobivad suurtele ja \u00f5rnadele arhiiviobjektidele. (nt geograafilised\/arhitektuursed kaardid, tekstiilid jne) Karbis olev toru on valmistatud spiraalselt m\u00e4hitud kaitselehest ja toestub kahe kihiga lainepapist. Nii ei avaldata hoiustatavale objektile mingit survet. Kaks tekstiilist riba parandavad toru man\u00f6\u00f6verdusv\u00f5imet. Tarne kokkupanduna ja vertikaalselt.<\/p>\n<div id=\"gtx-trans\" style=\"position: absolute; left: 79px; top: 37px;\">\n<div class=\"gtx-trans-icon\"><\/div>\n<\/div>","protected":false},"excerpt":{"rendered":"<p>Arhiivikast KS 16 - tuuba vahet\u00fckiga<\/p>","protected":false},"featured_media":11642,"template":"","meta":[],"product_brand":[],"product_cat":[141],"product_tag":[],"class_list":{"0":"post-12600","1":"product","2":"type-product","3":"status-publish","4":"has-post-thumbnail","6":"product_cat-archyvines-dezutes-ritiniams-laikyti","8":"first","9":"outofstock","10":"product-type-simple"},"_links":{"self":[{"href":"https:\/\/tavieta.lt\/ee\/wp-json\/wp\/v2\/product\/12600","targetHints":{"allow":["GET"]}}],"collection":[{"href":"https:\/\/tavieta.lt\/ee\/wp-json\/wp\/v2\/product"}],"about":[{"href":"https:\/\/tavieta.lt\/ee\/wp-json\/wp\/v2\/types\/product"}],"wp:featuredmedia":[{"embeddable":true,"href":"https:\/\/tavieta.lt\/ee\/wp-json\/wp\/v2\/media\/11642"}],"wp:attachment":[{"href":"https:\/\/tavieta.lt\/ee\/wp-json\/wp\/v2\/media?parent=12600"}],"wp:term":[{"taxonomy":"product_brand","embeddable":true,"href":"https:\/\/tavieta.lt\/ee\/wp-json\/wp\/v2\/product_brand?post=12600"},{"taxonomy":"product_cat","embeddable":true,"href":"https:\/\/tavieta.lt\/ee\/wp-json\/wp\/v2\/product_cat?post=12600"},{"taxonomy":"product_tag","embeddable":true,"href":"https:\/\/tavieta.lt\/ee\/wp-json\/wp\/v2\/product_tag?post=12600"}],"curies":[{"name":"t\u00f6\u00f6leht","href":"https:\/\/api.w.org\/{rel}","templated":true}]}}