{"id":12602,"date":"2024-02-07T08:49:39","date_gmt":"2024-02-07T08:49:39","guid":{"rendered":"http:\/\/tavieta.lt\/produktas\/knygu-deklas-ks-5\/"},"modified":"2024-03-29T09:31:48","modified_gmt":"2024-03-29T09:31:48","slug":"knygu-deklas-ks-5","status":"publish","type":"product","link":"https:\/\/tavieta.lt\/ee\/toode\/knygu-deklas-ks-5\/","title":{"rendered":"Raamaturiiul KS 5"},"content":{"rendered":"<p>Raamaturiiul KS 5<\/p>\n<p>Klasikinis d\u0117klas, skirtas knygoms. Knygos stuburas matomas. Galima su pusapvaliais pj\u016bviais arba be j\u0173. Tiekiama kaip sulankstoma konstrukcija su savaime u\u017esirakinan\u010diomis kilpomis (\u012fki\u0161ama) arba i\u0161 anksto surinkta konstrukcija, suklijuota. Pirmasis gabenamas plok\u0161\u010dias, o antrasis \u2013 surinktas ir vertikalus.<\/p>\n<div id=\"gtx-trans\" style=\"position: absolute; left: 79px; top: 37px;\">\n<div class=\"gtx-trans-icon\"><\/div>\n<\/div>","protected":false},"excerpt":{"rendered":"<p>Raamaturiiul KS 5<\/p>","protected":false},"featured_media":11646,"template":"","meta":[],"product_brand":[],"product_cat":[202],"product_tag":[],"class_list":{"0":"post-12602","1":"product","2":"type-product","3":"status-publish","4":"has-post-thumbnail","6":"product_cat-dezutes-saugojimui","8":"first","9":"outofstock","10":"product-type-simple"},"_links":{"self":[{"href":"https:\/\/tavieta.lt\/ee\/wp-json\/wp\/v2\/product\/12602","targetHints":{"allow":["GET"]}}],"collection":[{"href":"https:\/\/tavieta.lt\/ee\/wp-json\/wp\/v2\/product"}],"about":[{"href":"https:\/\/tavieta.lt\/ee\/wp-json\/wp\/v2\/types\/product"}],"wp:featuredmedia":[{"embeddable":true,"href":"https:\/\/tavieta.lt\/ee\/wp-json\/wp\/v2\/media\/11646"}],"wp:attachment":[{"href":"https:\/\/tavieta.lt\/ee\/wp-json\/wp\/v2\/media?parent=12602"}],"wp:term":[{"taxonomy":"product_brand","embeddable":true,"href":"https:\/\/tavieta.lt\/ee\/wp-json\/wp\/v2\/product_brand?post=12602"},{"taxonomy":"product_cat","embeddable":true,"href":"https:\/\/tavieta.lt\/ee\/wp-json\/wp\/v2\/product_cat?post=12602"},{"taxonomy":"product_tag","embeddable":true,"href":"https:\/\/tavieta.lt\/ee\/wp-json\/wp\/v2\/product_tag?post=12602"}],"curies":[{"name":"t\u00f6\u00f6leht","href":"https:\/\/api.w.org\/{rel}","templated":true}]}}