{"id":12603,"date":"2024-02-07T08:49:39","date_gmt":"2024-02-07T08:49:39","guid":{"rendered":"http:\/\/tavieta.lt\/produktas\/knygu-deklas-ks-6\/"},"modified":"2024-03-29T09:31:48","modified_gmt":"2024-03-29T09:31:48","slug":"knygu-deklas-ks-6","status":"publish","type":"product","link":"https:\/\/tavieta.lt\/ee\/toode\/knygu-deklas-ks-6\/","title":{"rendered":"Raamatukott KS 6"},"content":{"rendered":"<p>Raamatukott KS 6<\/p>\n<p>Tihedalt suletud riiulitoimikuga \u00fcmbris raamatute, bro\u0161\u00fc\u00fcride, ajakirjade, ajalehtede ja lahtiste lehtede kogude (k\u00f6itmata dokumendid) hoidmiseks ja korrastamiseks. Selle saab asetada riiulile kohat\u00e4idisena, et hoida esemeid tihedalt pakituna. Saadaval ka t\u00e4iendava (seisva) toega lahtiste lehtede kogude jaoks. Raamatute puhul saab seda kasutada ka raamatukingana.<\/p>\n<div id=\"gtx-trans\" style=\"position: absolute; left: 79px; top: 37px;\">\n<div class=\"gtx-trans-icon\"><\/div>\n<\/div>","protected":false},"excerpt":{"rendered":"<p>Raamatukott KS 6<\/p>","protected":false},"featured_media":11648,"template":"","meta":[],"product_brand":[],"product_cat":[202],"product_tag":[],"class_list":{"0":"post-12603","1":"product","2":"type-product","3":"status-publish","4":"has-post-thumbnail","6":"product_cat-dezutes-saugojimui","8":"first","9":"outofstock","10":"product-type-simple"},"_links":{"self":[{"href":"https:\/\/tavieta.lt\/ee\/wp-json\/wp\/v2\/product\/12603","targetHints":{"allow":["GET"]}}],"collection":[{"href":"https:\/\/tavieta.lt\/ee\/wp-json\/wp\/v2\/product"}],"about":[{"href":"https:\/\/tavieta.lt\/ee\/wp-json\/wp\/v2\/types\/product"}],"wp:featuredmedia":[{"embeddable":true,"href":"https:\/\/tavieta.lt\/ee\/wp-json\/wp\/v2\/media\/11648"}],"wp:attachment":[{"href":"https:\/\/tavieta.lt\/ee\/wp-json\/wp\/v2\/media?parent=12603"}],"wp:term":[{"taxonomy":"product_brand","embeddable":true,"href":"https:\/\/tavieta.lt\/ee\/wp-json\/wp\/v2\/product_brand?post=12603"},{"taxonomy":"product_cat","embeddable":true,"href":"https:\/\/tavieta.lt\/ee\/wp-json\/wp\/v2\/product_cat?post=12603"},{"taxonomy":"product_tag","embeddable":true,"href":"https:\/\/tavieta.lt\/ee\/wp-json\/wp\/v2\/product_tag?post=12603"}],"curies":[{"name":"t\u00f6\u00f6leht","href":"https:\/\/api.w.org\/{rel}","templated":true}]}}