{"id":12604,"date":"2024-02-07T08:49:39","date_gmt":"2024-02-07T08:49:39","guid":{"rendered":"http:\/\/tavieta.lt\/produktas\/knygu-deklas-ks-9\/"},"modified":"2024-03-29T09:31:47","modified_gmt":"2024-03-29T09:31:47","slug":"knygu-deklas-ks-9","status":"publish","type":"product","link":"https:\/\/tavieta.lt\/ee\/toode\/knygu-deklas-ks-9\/","title":{"rendered":"Raamatukott KS 9"},"content":{"rendered":"<p>Raamatukott KS 9<\/p>\n<p>Riiulikarp on m\u00f5eldud raamatute, ajalehtede, bro\u0161\u00fc\u00fcride, ajakirjade ning lahtiste ja k\u00f6itmata dokumentide kogude hoidmiseks. Saadaval ka t\u00e4iendava (seisva) tugimehhanismiga, mis tagab, et failid hoitakse p\u00fcsti, v\u00e4ltides nende paindumist, kui kaust pole t\u00e4is. Raamatute puhul saab seda kasutada ka raamatukingana.<\/p>\n<div id=\"gtx-trans\" style=\"position: absolute; left: 79px; top: 37px;\">\n<div class=\"gtx-trans-icon\"><\/div>\n<\/div>","protected":false},"excerpt":{"rendered":"<p>Raamatukott KS 9<\/p>","protected":false},"featured_media":11650,"template":"","meta":[],"product_brand":[],"product_cat":[202],"product_tag":[],"class_list":{"0":"post-12604","1":"product","2":"type-product","3":"status-publish","4":"has-post-thumbnail","6":"product_cat-dezutes-saugojimui","8":"first","9":"outofstock","10":"product-type-simple"},"_links":{"self":[{"href":"https:\/\/tavieta.lt\/ee\/wp-json\/wp\/v2\/product\/12604","targetHints":{"allow":["GET"]}}],"collection":[{"href":"https:\/\/tavieta.lt\/ee\/wp-json\/wp\/v2\/product"}],"about":[{"href":"https:\/\/tavieta.lt\/ee\/wp-json\/wp\/v2\/types\/product"}],"wp:featuredmedia":[{"embeddable":true,"href":"https:\/\/tavieta.lt\/ee\/wp-json\/wp\/v2\/media\/11650"}],"wp:attachment":[{"href":"https:\/\/tavieta.lt\/ee\/wp-json\/wp\/v2\/media?parent=12604"}],"wp:term":[{"taxonomy":"product_brand","embeddable":true,"href":"https:\/\/tavieta.lt\/ee\/wp-json\/wp\/v2\/product_brand?post=12604"},{"taxonomy":"product_cat","embeddable":true,"href":"https:\/\/tavieta.lt\/ee\/wp-json\/wp\/v2\/product_cat?post=12604"},{"taxonomy":"product_tag","embeddable":true,"href":"https:\/\/tavieta.lt\/ee\/wp-json\/wp\/v2\/product_tag?post=12604"}],"curies":[{"name":"t\u00f6\u00f6leht","href":"https:\/\/api.w.org\/{rel}","templated":true}]}}