{"id":12607,"date":"2024-02-07T08:49:46","date_gmt":"2024-02-07T08:49:46","guid":{"rendered":"http:\/\/tavieta.lt\/produktas\/dvieju-daliu-dezute-ks-16\/"},"modified":"2025-01-31T13:34:03","modified_gmt":"2025-01-31T13:34:03","slug":"dvieju-daliu-dezute-ks-16","status":"publish","type":"product","link":"https:\/\/tavieta.lt\/ee\/toode\/dvieju-daliu-dezute-ks-16\/","title":{"rendered":"Kaheosaline kast KS 16"},"content":{"rendered":"<p>Kaheosaline kast KS 16<\/p>\n<p>&nbsp;<\/p>","protected":false},"excerpt":{"rendered":"<p>Kaheosaline hoiukarp, mis koosneb alusest ja kaanest, mis m\u00f5lemad on kahekordse seinaga. Kinnine karp on kolmekordse seinaga ja seet\u00f5ttu v\u00e4ga tugev. Kokkupandav disain tagab siledad sisepinnad. K\u00f5ige populaarsem kaheosaline hoiukarp mitmeks kasutuseks. Ideaalne suurte esemete hoidmiseks, nt. tekstiilid, muusikariistad, maalid, kunstiesemed jne. Soovi korral saab p\u00f5hiseadme varustada esiavaga.<\/p>","protected":false},"featured_media":11656,"template":"","meta":[],"product_brand":[],"product_cat":[218,143],"product_tag":[],"class_list":{"0":"post-12607","1":"product","2":"type-product","3":"status-publish","4":"has-post-thumbnail","6":"product_cat-populiariausi-produktai","7":"product_cat-dvieju-daliu-dezutes","9":"first","10":"outofstock","11":"product-type-simple"},"_links":{"self":[{"href":"https:\/\/tavieta.lt\/ee\/wp-json\/wp\/v2\/product\/12607","targetHints":{"allow":["GET"]}}],"collection":[{"href":"https:\/\/tavieta.lt\/ee\/wp-json\/wp\/v2\/product"}],"about":[{"href":"https:\/\/tavieta.lt\/ee\/wp-json\/wp\/v2\/types\/product"}],"wp:featuredmedia":[{"embeddable":true,"href":"https:\/\/tavieta.lt\/ee\/wp-json\/wp\/v2\/media\/11656"}],"wp:attachment":[{"href":"https:\/\/tavieta.lt\/ee\/wp-json\/wp\/v2\/media?parent=12607"}],"wp:term":[{"taxonomy":"product_brand","embeddable":true,"href":"https:\/\/tavieta.lt\/ee\/wp-json\/wp\/v2\/product_brand?post=12607"},{"taxonomy":"product_cat","embeddable":true,"href":"https:\/\/tavieta.lt\/ee\/wp-json\/wp\/v2\/product_cat?post=12607"},{"taxonomy":"product_tag","embeddable":true,"href":"https:\/\/tavieta.lt\/ee\/wp-json\/wp\/v2\/product_tag?post=12607"}],"curies":[{"name":"t\u00f6\u00f6leht","href":"https:\/\/api.w.org\/{rel}","templated":true}]}}