{"id":12608,"date":"2024-02-07T08:49:46","date_gmt":"2024-02-07T08:49:46","guid":{"rendered":"http:\/\/tavieta.lt\/produktas\/dvieju-daliu-dezute-ks-16-su-dirzu-ir-pertvaru-ideklais\/"},"modified":"2024-02-07T08:49:47","modified_gmt":"2024-02-07T08:49:47","slug":"dvieju-daliu-dezute-ks-16-su-dirzu-ir-pertvaru-ideklais","status":"publish","type":"product","link":"https:\/\/tavieta.lt\/ee\/toode\/dvieju-daliu-dezute-ks-16-su-dirzu-ir-pertvaru-ideklais\/","title":{"rendered":"Kaheosaline kast KS 16 - rihma ja vaheseina sisestustega"},"content":{"rendered":"<p>Kaheosaline kast KS 16 - rihma ja vaheseina sisestustega<\/p>\n<p>Kaheosaline karp, mis sobib postkaartide, registrikaartide ja mikrofi\u0161\u0161i arhiveerimiseks. Valmistatud 1,65 mm paksusest lainepapist v\u00f5i 1,7 mm paksusest MW, m\u00f5lemalt poolt topeltseinaga, v\u00e4ga tugev, sile sisepind. Karbip\u00f5hja v\u00e4iksemale k\u00fcljele on kinnitatud tekstiilist v\u00f6\u00f6. Tarnitakse kolme vaba vaheseinaosaga.<\/p>\n<div id=\"gtx-trans\" style=\"position: absolute; left: 79px; top: 37px;\">\n<div class=\"gtx-trans-icon\"><\/div>\n<\/div>","protected":false},"excerpt":{"rendered":"<p>Kaheosaline kast KS 16 - rihma ja vaheseina sisestustega<\/p>","protected":false},"featured_media":11658,"template":"","meta":[],"product_brand":[],"product_cat":[143],"product_tag":[],"class_list":{"0":"post-12608","1":"product","2":"type-product","3":"status-publish","4":"has-post-thumbnail","6":"product_cat-dvieju-daliu-dezutes","8":"first","9":"outofstock","10":"product-type-simple"},"_links":{"self":[{"href":"https:\/\/tavieta.lt\/ee\/wp-json\/wp\/v2\/product\/12608","targetHints":{"allow":["GET"]}}],"collection":[{"href":"https:\/\/tavieta.lt\/ee\/wp-json\/wp\/v2\/product"}],"about":[{"href":"https:\/\/tavieta.lt\/ee\/wp-json\/wp\/v2\/types\/product"}],"wp:featuredmedia":[{"embeddable":true,"href":"https:\/\/tavieta.lt\/ee\/wp-json\/wp\/v2\/media\/11658"}],"wp:attachment":[{"href":"https:\/\/tavieta.lt\/ee\/wp-json\/wp\/v2\/media?parent=12608"}],"wp:term":[{"taxonomy":"product_brand","embeddable":true,"href":"https:\/\/tavieta.lt\/ee\/wp-json\/wp\/v2\/product_brand?post=12608"},{"taxonomy":"product_cat","embeddable":true,"href":"https:\/\/tavieta.lt\/ee\/wp-json\/wp\/v2\/product_cat?post=12608"},{"taxonomy":"product_tag","embeddable":true,"href":"https:\/\/tavieta.lt\/ee\/wp-json\/wp\/v2\/product_tag?post=12608"}],"curies":[{"name":"t\u00f6\u00f6leht","href":"https:\/\/api.w.org\/{rel}","templated":true}]}}