{"id":12609,"date":"2024-02-07T08:49:46","date_gmt":"2024-02-07T08:49:46","guid":{"rendered":"http:\/\/tavieta.lt\/produktas\/dvieju-daliu-dezute-ks-16-tekstilei\/"},"modified":"2024-02-07T08:49:48","modified_gmt":"2024-02-07T08:49:48","slug":"dvieju-daliu-dezute-ks-16-tekstilei","status":"publish","type":"product","link":"https:\/\/tavieta.lt\/ee\/toode\/dvieju-daliu-dezute-ks-16-tekstilei\/","title":{"rendered":"Kaheosaline kast KS 16 - tekstiilile"},"content":{"rendered":"<p>Kaheosaline kast KS 16 - tekstiilile<\/p>\n<p>Kaheosaline hoiukarp suurem\u00f5\u00f5tmeliste tekstiilide jaoks koosneb alusest ja kaanest, mis m\u00f5lemad on kahepoolsed. Kinnine karp on kolmekordse seinaga ja seet\u00f5ttu v\u00e4ga tugev. Kokkupandav disain tagab siledad sisepinnad. See kast tarnitakse kokkupanduna ja p\u00fcstises asendis.<\/p>\n<div id=\"gtx-trans\" style=\"position: absolute; left: 79px; top: 37px;\">\n<div class=\"gtx-trans-icon\"><\/div>\n<\/div>","protected":false},"excerpt":{"rendered":"<p>Kaheosaline kast KS 16 - tekstiilile<\/p>","protected":false},"featured_media":11660,"template":"","meta":[],"product_brand":[],"product_cat":[143],"product_tag":[],"class_list":{"0":"post-12609","1":"product","2":"type-product","3":"status-publish","4":"has-post-thumbnail","6":"product_cat-dvieju-daliu-dezutes","8":"first","9":"outofstock","10":"product-type-simple"},"_links":{"self":[{"href":"https:\/\/tavieta.lt\/ee\/wp-json\/wp\/v2\/product\/12609","targetHints":{"allow":["GET"]}}],"collection":[{"href":"https:\/\/tavieta.lt\/ee\/wp-json\/wp\/v2\/product"}],"about":[{"href":"https:\/\/tavieta.lt\/ee\/wp-json\/wp\/v2\/types\/product"}],"wp:featuredmedia":[{"embeddable":true,"href":"https:\/\/tavieta.lt\/ee\/wp-json\/wp\/v2\/media\/11660"}],"wp:attachment":[{"href":"https:\/\/tavieta.lt\/ee\/wp-json\/wp\/v2\/media?parent=12609"}],"wp:term":[{"taxonomy":"product_brand","embeddable":true,"href":"https:\/\/tavieta.lt\/ee\/wp-json\/wp\/v2\/product_brand?post=12609"},{"taxonomy":"product_cat","embeddable":true,"href":"https:\/\/tavieta.lt\/ee\/wp-json\/wp\/v2\/product_cat?post=12609"},{"taxonomy":"product_tag","embeddable":true,"href":"https:\/\/tavieta.lt\/ee\/wp-json\/wp\/v2\/product_tag?post=12609"}],"curies":[{"name":"t\u00f6\u00f6leht","href":"https:\/\/api.w.org\/{rel}","templated":true}]}}