{"id":12610,"date":"2024-02-07T08:49:46","date_gmt":"2024-02-07T08:49:46","guid":{"rendered":"http:\/\/tavieta.lt\/produktas\/dvieju-daliu-dezute-ks-16-kepurems\/"},"modified":"2024-02-07T08:49:48","modified_gmt":"2024-02-07T08:49:48","slug":"dvieju-daliu-dezute-ks-16-kepurems","status":"publish","type":"product","link":"https:\/\/tavieta.lt\/ee\/toode\/dvieju-daliu-dezute-ks-16-kepurems\/","title":{"rendered":"Kaheosaline karp KS 16 - m\u00fctside jaoks"},"content":{"rendered":"<p>Kaheosaline karp KS 16 - m\u00fctside jaoks<\/p>\n<p>Alusest ja kaanest koosnev kaheosaline karp, kahelt poolt topeltseinaga. Lisatugevdus l\u00e4bi liimitud alusplaadi vahet\u00fcki. Kinnise seina paksus kolm korda suurem, sisemus sile t\u00e4nu voltimiskonstruktsioonile, v\u00e4ga tugev. M\u00fctsi eemaldamise h\u00f5lbustamiseks on p\u00f5hja k\u00fclgseinad v\u00e4lja t\u00f5mmatud. P\u00f5hikorpus on valmistatud 2 x EB 5,0 mm (valge pool n\u00e4htav). Eemaldatava tekstiilist rihmaga (aasaga) ja kaitseplaadist integreeritud vertikaalse toruga m\u00fctsi kinnitamiseks kasti keskel. Sisset\u00f5mmatav tekstiilist aas kinnitub pistik\u00fchendusega alusplaadile ja on vajadusel eemaldatav.<\/p>\n<div id=\"gtx-trans\" style=\"position: absolute; left: 79px; top: 37px;\">\n<div class=\"gtx-trans-icon\"><\/div>\n<\/div>","protected":false},"excerpt":{"rendered":"<p>Kaheosaline karp KS 16 - m\u00fctside jaoks<\/p>","protected":false},"featured_media":11662,"template":"","meta":[],"product_brand":[],"product_cat":[143],"product_tag":[],"class_list":{"0":"post-12610","1":"product","2":"type-product","3":"status-publish","4":"has-post-thumbnail","6":"product_cat-dvieju-daliu-dezutes","8":"first","9":"outofstock","10":"product-type-simple"},"_links":{"self":[{"href":"https:\/\/tavieta.lt\/ee\/wp-json\/wp\/v2\/product\/12610","targetHints":{"allow":["GET"]}}],"collection":[{"href":"https:\/\/tavieta.lt\/ee\/wp-json\/wp\/v2\/product"}],"about":[{"href":"https:\/\/tavieta.lt\/ee\/wp-json\/wp\/v2\/types\/product"}],"wp:featuredmedia":[{"embeddable":true,"href":"https:\/\/tavieta.lt\/ee\/wp-json\/wp\/v2\/media\/11662"}],"wp:attachment":[{"href":"https:\/\/tavieta.lt\/ee\/wp-json\/wp\/v2\/media?parent=12610"}],"wp:term":[{"taxonomy":"product_brand","embeddable":true,"href":"https:\/\/tavieta.lt\/ee\/wp-json\/wp\/v2\/product_brand?post=12610"},{"taxonomy":"product_cat","embeddable":true,"href":"https:\/\/tavieta.lt\/ee\/wp-json\/wp\/v2\/product_cat?post=12610"},{"taxonomy":"product_tag","embeddable":true,"href":"https:\/\/tavieta.lt\/ee\/wp-json\/wp\/v2\/product_tag?post=12610"}],"curies":[{"name":"t\u00f6\u00f6leht","href":"https:\/\/api.w.org\/{rel}","templated":true}]}}