{"id":12611,"date":"2024-02-07T08:49:51","date_gmt":"2024-02-07T08:49:51","guid":{"rendered":"http:\/\/tavieta.lt\/produktas\/sulankstytos-dezutes-pleveles-ritems-laikyti\/"},"modified":"2024-02-07T08:49:51","modified_gmt":"2024-02-07T08:49:51","slug":"sulankstytos-dezutes-pleveles-ritems-laikyti","status":"publish","type":"product","link":"https:\/\/tavieta.lt\/ee\/toode\/sulankstytos-dezutes-pleveles-ritems-laikyti\/","title":{"rendered":"Volditud karbid kilerullide hoidmiseks"},"content":{"rendered":"<p>Volditud karbid kilerullide hoidmiseks<\/p>\n<p>Kokkupandud kast 16mm v\u00f5i 35mm rullkile arhiivihoidmiseks. Valmistatud naturaalsest valgest 0,5 mm fotoarhiiviplaadist, ilma leeliselise puhvrita. Pakume ka sobivat KS 3 klapikarpi, mis on saadaval helehalli v\u00f5i hallisinise v\u00e4rviga, mis mahutab 24 volditud karpi 16 mm kilega v\u00f5i 14 volditud karpi 35 mm kilega.<\/p>\n<div id=\"gtx-trans\" style=\"position: absolute; left: 79px; top: 37px;\">\n<div class=\"gtx-trans-icon\"><\/div>\n<\/div>","protected":false},"excerpt":{"rendered":"<p>Volditud karbid kilerullide hoidmiseks<\/p>","protected":false},"featured_media":11664,"template":"","meta":[],"product_brand":[],"product_cat":[143],"product_tag":[],"class_list":{"0":"post-12611","1":"product","2":"type-product","3":"status-publish","4":"has-post-thumbnail","6":"product_cat-dvieju-daliu-dezutes","8":"first","9":"outofstock","10":"product-type-simple"},"_links":{"self":[{"href":"https:\/\/tavieta.lt\/ee\/wp-json\/wp\/v2\/product\/12611","targetHints":{"allow":["GET"]}}],"collection":[{"href":"https:\/\/tavieta.lt\/ee\/wp-json\/wp\/v2\/product"}],"about":[{"href":"https:\/\/tavieta.lt\/ee\/wp-json\/wp\/v2\/types\/product"}],"wp:featuredmedia":[{"embeddable":true,"href":"https:\/\/tavieta.lt\/ee\/wp-json\/wp\/v2\/media\/11664"}],"wp:attachment":[{"href":"https:\/\/tavieta.lt\/ee\/wp-json\/wp\/v2\/media?parent=12611"}],"wp:term":[{"taxonomy":"product_brand","embeddable":true,"href":"https:\/\/tavieta.lt\/ee\/wp-json\/wp\/v2\/product_brand?post=12611"},{"taxonomy":"product_cat","embeddable":true,"href":"https:\/\/tavieta.lt\/ee\/wp-json\/wp\/v2\/product_cat?post=12611"},{"taxonomy":"product_tag","embeddable":true,"href":"https:\/\/tavieta.lt\/ee\/wp-json\/wp\/v2\/product_tag?post=12611"}],"curies":[{"name":"t\u00f6\u00f6leht","href":"https:\/\/api.w.org\/{rel}","templated":true}]}}